{"id":402,"date":"2019-06-20T13:39:32","date_gmt":"2019-06-20T13:39:32","guid":{"rendered":"https:\/\/2020-soltau.retreat.wordcamp.org\/?page_id=402"},"modified":"2019-06-20T13:39:32","modified_gmt":"2019-06-20T13:39:32","slug":"anfahrt","status":"publish","type":"page","link":"https:\/\/retreat.wordcamp.org\/2020-soltau\/alles-an-einem-ort\/anfahrt\/","title":{"rendered":"Anfahrt"},"content":{"rendered":"\n<h5 class=\"wp-block-heading\">Hotel Park Soltau\nWinsener Str. 111\nD-29614 Soltau<\/h5>\n\n\n\n<hr class=\"wp-block-separator\" \/>\n\n\n<div class=\"googlemaps\">\n\t\t\t\t<iframe loading=\"lazy\" width=\"600\" height=\"450\" frameborder=\"0\" scrolling=\"no\" marginheight=\"0\" marginwidth=\"0\"  src=\"https:\/\/www.google.com\/maps\/embed?pb=!1m14!1m8!1m3!1d1273052.1523827414!2d8.338990296045953!3d53.28697221533931!3m2!1i1024!2i768!4f13.1!3m3!1m2!1s0x0:0x581ef3c0be6300d0!2sHotel%20Park%20Soltau%20GmbH!5e0!3m2!1sde!2sde!4v1500899537842\"><\/iframe>\n\t\t\t<\/div>\n\n\n\n<h2 class=\"wp-block-heading\">Anfahrt mit dem Auto<\/h2>\n\n\n\n<p>\nDas Hotel Park Soltau verf\u00fcgt \u00fcber ausreichend\n<strong>kostenfreie Parkpl\u00e4tze<\/strong> f\u00fcr alle G\u00e4ste.\n\n<strong>Aus Richtung Hannover, Entfernung \/\/ 74 km<\/strong><\/p>\n\n\n\n<ul class=\"Pfeil wp-block-list\"><li class=\"Pfeil\">A7 Richtung Hamburg<\/li><li class=\"Pfeil\">Ausfahrt Soltau-S\u00fcd<\/li><li class=\"Pfeil\">Folge der Beschilderung Richtung Soltau (3 km) Celler Stra\u00dfe.<\/li><li class=\"Pfeil\">Bleibe auf der Hauptstra\u00dfe. \u00dcberquere die gro\u00dfe Kreuzung und fahre weiter geradeaus durch die Stadt.<\/li><li class=\"Pfeil\">Du  bist nun auf der Winsener Stra\u00dfe. Die Einfahrt zum Hotel Park Soltau befindet sich auf der linken Seite ca. 300 Meter nach dem Ortsausgangsschild.<\/li><\/ul>\n\n\n\n<p><strong>Aus Richtung Hamburg, Entfernung \/\/ 70 km:<\/strong><\/p>\n\n\n\n<ul class=\"Pfeil wp-block-list\"><li class=\"Pfeil\">A7 Richtung Hannover<\/li><li class=\"Pfeil\">Ausfahrt Soltau-Ost<\/li><li class=\"Pfeil\">Folge der Beschilderung in Richtung Soltau (5 km)<\/li><li class=\"Pfeil\">An der ersten gro\u00dfen Kreuzung fahre rechts in die Winsener Stra\u00dfe.<\/li><li class=\"Pfeil\">Folge der Stra\u00dfe. Die Einfahrt zum Hotel Park Soltau befindet sich auf der linken Seite ca. 300 Meter nach dem Ortsausgangsschild.<\/li><\/ul>\n\n\n\n<hr class=\"wp-block-separator\" \/>\n\n\n\n<h2 class=\"wp-block-heading\">Anreise mit der Bahn<\/h2>\n\n\n\n<p><strong>Aus Richtung \/\/ Hamburg<\/strong><\/p>\n\n\n\n<ul class=\"Pfeil wp-block-list\"><li class=\"Pfeil\">Hamburg Hbf mit dem Metronom in Richtung Buchholz Bf<\/li><li class=\"Pfeil\">Buchholz Bf mit der Regionalbahn in Richtung Soltau<\/li><li class=\"Pfeil\">Soltau (Nord) aussteigen<\/li><li class=\"Pfeil\">Das Hotel befindet sich <strong>nur 100 Meter<\/strong> vom Bf<\/li><\/ul>\n\n\n\n<p><strong>Aus Richtung \/\/ Hannover<\/strong><\/p>\n\n\n\n<ul class=\"Pfeil wp-block-list\"><li class=\"Pfeil\">Hannover Hbf mit dem Metronom in Richtung Soltau<\/li><li class=\"Pfeil\">Soltau (Nord) aussteigen<\/li><li>Das Hotel befindet sich <strong>nur 100 Meter<\/strong> vom Bf<\/li><\/ul>\n\n\n\n<p><strong>Aus Richtung \/\/ Bremen<\/strong><\/p>\n\n\n\n<ul class=\"Pfeil wp-block-list\"><li class=\"Pfeil\">Bremen Hbf mit der Regionalbahn in Richtung Soltau (Nord)<\/li><li class=\"Pfeil\">Soltau (Nord) aussteigen<\/li><li>Das Hotel befindet sich <strong>nur 100 Meter<\/strong> vom Bf<\/li><\/ul>\n\n\n\n<figure class=\"wp-block-image\"><img decoding=\"async\" src=\"https:\/\/2018-soltau.retreat.wordcamp.org\/files\/2017\/06\/IMG_9812-1024x768.jpg\" alt=\"\" class=\"wp-image-328\" \/><\/figure>\n\n\n\n<hr class=\"wp-block-separator\" \/>\n\n\n\n<h2 class=\"wp-block-heading\">Anreise mit dem Flugzeug<\/h2>\n\n\n\n<p>\nN\u00e4chstgelegenen Flugh\u00e4fen zum WordCamp Retreat Soltau\n<\/p>\n\n\n\n<ul class=\"wp-block-list\"><li><a href=\"https:\/\/www.hamburg-airport.de\" target=\"_blank\" rel=\"noopener noreferrer\">Hamburg-Airport Helmut Schmidt<\/a><\/li><li><a href=\"https:\/\/www.hannover-airport.de\" target=\"_blank\" rel=\"noopener noreferrer\">Hannover Airport<\/a><\/li><li><a href=\"http:\/\/www.bremen-airport.com\/\" target=\"_blank\" rel=\"noopener noreferrer\">Bremen Airport<\/a><\/li><\/ul>\n\n\n\n<p>\nVon dort aus reisen Sie dann am Besten wie oben angegeben mit Bus und Bahn oder einem Leihwagen weiter.\n\n&nbsp;\n<\/p>\n","protected":false},"excerpt":{"rendered":"<p>Hotel Park Soltau Winsener Str. 111 D-29614 Soltau Anfahrt mit dem Auto Das Hotel Park Soltau verf\u00fcgt \u00fcber ausreichend kostenfreie Parkpl\u00e4tze f\u00fcr alle G\u00e4ste. Aus Richtung Hannover, Entfernung \/\/ 74 km A7 Richtung Hamburg Ausfahrt Soltau-S\u00fcd Folge der Beschilderung Richtung Soltau (3 km) Celler Stra\u00dfe. Bleibe auf der Hauptstra\u00dfe. \u00dcberquere die gro\u00dfe Kreuzung und fahre &hellip; <\/p>\n<p class=\"link-more\"><a href=\"https:\/\/retreat.wordcamp.org\/2020-soltau\/alles-an-einem-ort\/anfahrt\/\" class=\"more-link\"><span class=\"screen-reader-text\">\u201eAnfahrt\u201c<\/span> weiterlesen<\/a><\/p>\n","protected":false},"author":14244452,"featured_media":0,"parent":395,"menu_order":0,"comment_status":"closed","ping_status":"closed","template":"","meta":{"jetpack_post_was_ever_published":false,"footnotes":""},"class_list":["post-402","page","type-page","status-publish","hentry"],"jetpack_sharing_enabled":true,"jetpack_shortlink":"https:\/\/wp.me\/Pab3xr-6u","_links":{"self":[{"href":"https:\/\/retreat.wordcamp.org\/2020-soltau\/wp-json\/wp\/v2\/pages\/402","targetHints":{"allow":["GET"]}}],"collection":[{"href":"https:\/\/retreat.wordcamp.org\/2020-soltau\/wp-json\/wp\/v2\/pages"}],"about":[{"href":"https:\/\/retreat.wordcamp.org\/2020-soltau\/wp-json\/wp\/v2\/types\/page"}],"author":[{"embeddable":true,"href":"https:\/\/retreat.wordcamp.org\/2020-soltau\/wp-json\/wp\/v2\/users\/14244452"}],"replies":[{"embeddable":true,"href":"https:\/\/retreat.wordcamp.org\/2020-soltau\/wp-json\/wp\/v2\/comments?post=402"}],"version-history":[{"count":1,"href":"https:\/\/retreat.wordcamp.org\/2020-soltau\/wp-json\/wp\/v2\/pages\/402\/revisions"}],"predecessor-version":[{"id":404,"href":"https:\/\/retreat.wordcamp.org\/2020-soltau\/wp-json\/wp\/v2\/pages\/402\/revisions\/404"}],"up":[{"embeddable":true,"href":"https:\/\/retreat.wordcamp.org\/2020-soltau\/wp-json\/wp\/v2\/pages\/395"}],"wp:attachment":[{"href":"https:\/\/retreat.wordcamp.org\/2020-soltau\/wp-json\/wp\/v2\/media?parent=402"}],"curies":[{"name":"wp","href":"https:\/\/api.w.org\/{rel}","templated":true}]}}