{"id":395,"date":"2019-06-20T13:31:03","date_gmt":"2019-06-20T13:31:03","guid":{"rendered":"https:\/\/2020-soltau.retreat.wordcamp.org\/?page_id=395"},"modified":"2019-06-20T21:31:16","modified_gmt":"2019-06-20T21:31:16","slug":"alles-an-einem-ort","status":"publish","type":"page","link":"https:\/\/retreat.wordcamp.org\/2020-soltau\/alles-an-einem-ort\/","title":{"rendered":"Alles an einem Ort"},"content":{"rendered":"\n<p class=\"wp-block-paragraph\">WordCamp, Events, Freizeitgestaltung, Verpflegung und \u00dcbernachtung \u2013 Mit Deinem Ticket buchst Du die \u00dcbernachtungen im Zimmer Deiner Wahl gleich mit und brauchst Dich um nichts mehr zu k\u00fcmmern. Dein Zimmer bezahlst Du dann direkt vor Ort. Die komplette Verpflegung \u00fcber 3 Tage ist im Ticket-Preis inklusive! <strong>Das Hotel steht uns f\u00fcr den Zeitraum vom 30. April  bis 3. Mai 2020 exklusiv zur Verf\u00fcgung, d. h. es wird neben der WordPress Community keine anderen G\u00e4ste geben.<\/strong><\/p>\n\n\n\n<hr class=\"wp-block-separator\" \/>\n\n\n\n<div class=\"wp-block-image\"><figure class=\"aligncenter\"><img decoding=\"async\" src=\"https:\/\/2018-soltau.retreat.wordcamp.org\/files\/2017\/06\/Slider_Eingang_575-1024x400.jpg\" alt=\"\" class=\"wp-image-313\" \/><\/figure><\/div>\n\n\n\n<p class=\"wp-block-paragraph\"> Das <a rel=\"noopener noreferrer\" href=\"http:\/\/www.hotel-park-soltau.de\/\" target=\"_blank\">Hotel Park Soltau<\/a> liegt auf einem gro\u00dfz\u00fcgigen Parkgel\u00e4nde und befindet sich in Niedersachsen am Rande der Stadt Soltau im \u201eHerzen der L\u00fcneburger Heide\u201c. Das flexible Tagungs- und Urlaubshotel ist bekannt f\u00fcr eine sehr pers\u00f6nliche Atmosph\u00e4re und individuellen Service. Wir konnten uns bereits pers\u00f6nlich vor Ort davon \u00fcberzeugen lassen. Die Lage, die Ausstattung, der Service und die Einteilung der Zimmer machen das Hotel f\u00fcr uns zum idealen Partner f\u00fcr das <strong>WordCamp Retreat<\/strong>. Das Hotel Park Soltau bietet uns unbegrenzte M\u00f6glichkeiten um dieses neue WordCamp f\u00fcr Dich und alle anderen Teilnehmer zu einem einzigartigen und besonderen Erlebnis zu machen. <\/p>\n\n\n\n<hr class=\"wp-block-separator\" \/>\n\n\n\n<h4 class=\"wp-block-heading\">Das Hotel und seine M\u00f6glichkeiten<\/h4>\n\n\n\n<ul class=\"wp-block-list\"><li>162 Einzelzimmer<\/li><li>30 Doppelzimmer<\/li><li>17 Tagungsr\u00e4ume mit Terrassen und direktem Parkzugang<\/li><li>13 Gruppenr\u00e4ume<\/li><li>Zahlreiche Foyers mit Kaffeebar und Snacks<\/li><li>Restaurant mit Indoor- und Outdoorbereich<\/li><li>Bar<\/li><li>2 Doppel-Kegelbahnen<\/li><li>2 Billard-Tische<\/li><li>Kicker<\/li><li>Darts<\/li><li>Sauna- und Entspannungsbereich<\/li><li>Pool mit Gegenstromanlage<\/li><li>Fitnessbereich<\/li><li>Leihfahrr\u00e4der<\/li><\/ul>\n\n\n\n<hr class=\"wp-block-separator\" \/>\n\n\n\n<figure class=\"wp-block-image\"><img decoding=\"async\" src=\"https:\/\/2018-soltau.retreat.wordcamp.org\/files\/2017\/06\/z11_453.jpg\" alt=\"\" class=\"wp-image-301\" \/><\/figure>\n\n\n\n<p class=\"wp-block-paragraph\"><em>Alle Zimmer sind ausgestattet mit TV \/ LCD-Monitor 16:9 Format, High Speed Internet und Selbstwahltelefon, Kaffee- und Teezubereitungsm\u00f6glichkeit, Fernseh- und Radioempfang in mehreren Sprachen, Dusche\/WC, Haartrockner.<\/em><\/p>\n\n\n\n<hr class=\"wp-block-separator\" \/>\n\n\n\n<figure class=\"wp-block-image\"><img decoding=\"async\" src=\"https:\/\/2018-soltau.retreat.wordcamp.org\/files\/2017\/06\/s2_529.png\" alt=\"\" class=\"wp-image-298\" \/><\/figure>\n\n\n\n<p class=\"wp-block-paragraph\"><em>Alle Tagungsr\u00e4ume, Gruppenr\u00e4ume und Hotelzimmer verf\u00fcgen \u00fcber eine Verkabelung, diese erm\u00f6glicht einen schnellen Datenfluss. Ferner verf\u00fcgen alle Tagungsr\u00e4ume\/ Hotelzimmer \u00fcber VDSL Internet mit 100 MBit\/s, WLAN (8 MBit\/s pro Person).<\/em><\/p>\n\n\n\n<hr class=\"wp-block-separator\" \/>\n\n\n\n<figure class=\"wp-block-image\"><img decoding=\"async\" src=\"https:\/\/2018-soltau.retreat.wordcamp.org\/files\/2017\/06\/a3_442.jpg\" alt=\"\" class=\"wp-image-289\" \/><\/figure>\n\n\n\n<p class=\"wp-block-paragraph\"><strong>Freizeitgestaltung: Neben den hoteleigenen Annehmlichkeiten sind in direkter Umgebung der Freizeitgestaltung keine Grenzen gesetzt. Ob entspanntes Wandern in der <strong>Natur oder Action<\/strong> im <a href=\"https:\/\/www.heide-park.de\/\" target=\"_blank\" rel=\"noopener noreferrer\">Heide-Park<\/a>, f\u00fcr jeden ist garantiert das Richtige dabei.<\/strong><\/p>\n","protected":false},"excerpt":{"rendered":"<p>WordCamp, Events, Freizeitgestaltung, Verpflegung und \u00dcbernachtung \u2013 Mit Deinem Ticket buchst Du die \u00dcbernachtungen im Zimmer Deiner Wahl gleich mit und brauchst Dich um nichts mehr zu k\u00fcmmern. Dein Zimmer bezahlst Du dann direkt vor Ort. Die komplette Verpflegung \u00fcber 3 Tage ist im Ticket-Preis inklusive! Das Hotel steht uns f\u00fcr den Zeitraum vom 30. &hellip; <\/p>\n<p class=\"link-more\"><a href=\"https:\/\/retreat.wordcamp.org\/2020-soltau\/alles-an-einem-ort\/\" class=\"more-link\"><span class=\"screen-reader-text\">\u201eAlles an einem Ort\u201c<\/span> weiterlesen<\/a><\/p>\n","protected":false},"author":14244452,"featured_media":0,"parent":0,"menu_order":0,"comment_status":"closed","ping_status":"closed","template":"","meta":{"_crdt_document":"","jetpack_post_was_ever_published":false,"footnotes":""},"class_list":["post-395","page","type-page","status-publish","hentry"],"jetpack_sharing_enabled":true,"jetpack_shortlink":"https:\/\/wp.me\/Pab3xr-6n","_links":{"self":[{"href":"https:\/\/retreat.wordcamp.org\/2020-soltau\/wp-json\/wp\/v2\/pages\/395","targetHints":{"allow":["GET"]}}],"collection":[{"href":"https:\/\/retreat.wordcamp.org\/2020-soltau\/wp-json\/wp\/v2\/pages"}],"about":[{"href":"https:\/\/retreat.wordcamp.org\/2020-soltau\/wp-json\/wp\/v2\/types\/page"}],"author":[{"embeddable":true,"href":"https:\/\/retreat.wordcamp.org\/2020-soltau\/wp-json\/wp\/v2\/users\/14244452"}],"replies":[{"embeddable":true,"href":"https:\/\/retreat.wordcamp.org\/2020-soltau\/wp-json\/wp\/v2\/comments?post=395"}],"version-history":[{"count":2,"href":"https:\/\/retreat.wordcamp.org\/2020-soltau\/wp-json\/wp\/v2\/pages\/395\/revisions"}],"predecessor-version":[{"id":469,"href":"https:\/\/retreat.wordcamp.org\/2020-soltau\/wp-json\/wp\/v2\/pages\/395\/revisions\/469"}],"wp:attachment":[{"href":"https:\/\/retreat.wordcamp.org\/2020-soltau\/wp-json\/wp\/v2\/media?parent=395"}],"curies":[{"name":"wp","href":"https:\/\/api.w.org\/{rel}","templated":true}]}}