{"id":370,"date":"2019-06-20T13:14:17","date_gmt":"2019-06-20T13:14:17","guid":{"rendered":"https:\/\/2020-soltau.retreat.wordcamp.org\/?page_id=370"},"modified":"2019-06-20T13:18:31","modified_gmt":"2019-06-20T13:18:31","slug":"engagiert-fur-die-wordpress-community","status":"publish","type":"page","link":"https:\/\/retreat.wordcamp.org\/2020-soltau\/home\/engagiert-fur-die-wordpress-community\/","title":{"rendered":"Engagiert f\u00fcr die WordPress-Community"},"content":{"rendered":"\n<p>F\u00fcr die Organisation des zweiten WordCamp Retreat in Soltau begeistern sich diese WordPress-Fans:<\/p>\n\n\n\n<hr class=\"wp-block-separator\" \/>\n\n\n\t<div class=\"wcorg-organizers\">\n\n\t\t\n\t\t\t<div class=\"wcorg-organizer\">\n\t\t\t\t<h2>Sven Wagener<\/h2>\n\t\t\t\t<div class=\"wcorg-organizer-description\">\n\t\t\t\t\t\t\t\t\t\t<img alt='' src='https:\/\/secure.gravatar.com\/avatar\/d910fdd7595ec843abbd6e3977b31c74c60f2115eb0a4766022b7d137ec21814?s=100&#038;d=mm&#038;r=g' srcset='https:\/\/secure.gravatar.com\/avatar\/d910fdd7595ec843abbd6e3977b31c74c60f2115eb0a4766022b7d137ec21814?s=200&#038;d=mm&#038;r=g 2x' class='avatar avatar-100 photo' height='100' width='100' \/>\t\t\t\t\t\n<h4 class=\"wp-block-heading\">Leidenschaftlicher WordPress-Fan<\/h4>\n\n\n\n<hr class=\"wp-block-separator\" \/>\n\n\n\n<p>Sven ist Entwickler des Plugins Torro Forms und produziert au\u00dferdem das WP Sofa, einen WordPress Podcast. Seit dem Jahr 2008 ist er in der WordPress Welt unterwegs und hilft imner wieder gerne in der Community aus und hat im vergangenem Jahr das erste mal das WordCamp Retreat veranstaltet.<\/p>\n\n\n\n<hr class=\"wp-block-separator\" \/>\n\n\n\n<p><\/p>\n\t\t\t\t<\/div>\n\t\t\t<\/div>\n\n\t\t\n\t\t\t<div class=\"wcorg-organizer\">\n\t\t\t\t<h2>Matthias Held<\/h2>\n\t\t\t\t<div class=\"wcorg-organizer-description\">\n\t\t\t\t\t\t\t\t\t\t<img alt='' src='https:\/\/secure.gravatar.com\/avatar\/6a157b2fa7b2d73e580c4490811e9087527bddb6fe8c933d9b50356bd17d5215?s=100&#038;d=mm&#038;r=g' srcset='https:\/\/secure.gravatar.com\/avatar\/6a157b2fa7b2d73e580c4490811e9087527bddb6fe8c933d9b50356bd17d5215?s=200&#038;d=mm&#038;r=g 2x' class='avatar avatar-100 photo' height='100' width='100' \/>\t\t\t\t\t\n<h4 class=\"wp-block-heading\"><\/h4>\n\n\n\n<p>Matthias ist Chaos Calmer bei <a href=\"https:\/\/raidboxes.de\" rel=\"nofollow\">RAIDBOXES<\/a>. <br><br>Als Plugin-, und Theme-Entwickler,  WordCamp Speaker sowie aktiver Hosting-Community Contributor ist er regelm\u00e4\u00dfig auf WordCamps und anderen WordPress-relevanten Events anzutreffen und immer bereit bei einem Snack zu snacken.<br><br>Wenn er nicht dort ist, hat er <a href=\"https:\/\/www.urbandictionary.com\/define.php?term=feline%20paralysis\">Katzen auf dem Scho\u00df<\/a>.<\/p>\n\t\t\t\t<\/div>\n\t\t\t<\/div>\n\n\t\t\n\t\t\t<div class=\"wcorg-organizer\">\n\t\t\t\t<h2>Matthias Kurz<\/h2>\n\t\t\t\t<div class=\"wcorg-organizer-description\">\n\t\t\t\t\t\t\t\t\t\t<img alt='' src='https:\/\/secure.gravatar.com\/avatar\/b93a8cdf901edb0712ed132a6da23a7a54926c61db626c9467c8e69e5e91013e?s=100&#038;d=mm&#038;r=g' srcset='https:\/\/secure.gravatar.com\/avatar\/b93a8cdf901edb0712ed132a6da23a7a54926c61db626c9467c8e69e5e91013e?s=200&#038;d=mm&#038;r=g 2x' class='avatar avatar-100 photo' height='100' width='100' \/>\t\t\t\t\t\n<h4 class=\"wp-block-heading\">Kurz berichtet<\/h4>\n\n\n\n<hr class=\"wp-block-separator\" \/>\n\n\n\n<p>Der ausgebildete IT-Projektleiter hat vor \neinigen Jahren seine Leidenschaft zum Beruf gemacht. Sagte man ihm immer\n schon eine ausgesprochene Leidenschaft zu Pinguinen und angebissenen \n\u00c4pfeln nach, kam irgendwann die Begeisterung f\u00fcr WordPress noch dazu.<\/p>\n\n\n\n<p>Mit WordPress kam Matthias im Jahr 2007 in Ber\u00fchrung. Damals noch als  Redakteur f\u00fcr einen gr\u00f6\u00dferen, deutschen Technikblog aktiv,  intensivierte er nach und nach seine Arbeit mit WordPress. Anfang 2016  ist er auf die WordPress Community aufmerksam geworden und engagiert  sich seither in der Organisation der Meetups\u00a0<a href=\"https:\/\/www.meetup.com\/de-DE\/WordPress-Meetup-Bonn-wpbn\/\">Bonn<\/a>, <a href=\"https:\/\/www.meetup.com\/de-DE\/WordPress-Meetup-Dortmund\/\">Dortmund<\/a>\u00a0und\u00a0<a href=\"https:\/\/www.meetup.com\/de-DE\/WordPress-Meetup-Koblenz\/\">Koblenz<\/a>\u00a0sowie der WordCamps in\u00a0<a href=\"https:\/\/2017.bern.wordcamp.org\/\">Bern<\/a>,\u00a0<a href=\"https:\/\/2017.cologne.wordcamp.org\/\">K\u00f6ln<\/a>, <a href=\"https:\/\/2018-soltau.retreat.wordcamp.org\/\">Soltau<\/a> und <a href=\"https:\/\/2019.osnabrueck.wordcamp.org\">Osnabr\u00fcck<\/a>.<\/p>\n\n\n\n<p>Matthias ist Gr\u00fcnder und Gesch\u00e4ftsf\u00fchrer des auf WordPress Hosting spezialisierten Anbieters <a href=\"https:\/\/wp-projects.de\">WP-Projects<\/a>.\n Mit seinem Unternehmen bietet er professionelle und individuell \nzugeschnittene Hosting-Dienstleistungen f\u00fcr erfolgreiche \nWordPress-Projekte an.<\/p>\n\t\t\t\t<\/div>\n\t\t\t<\/div>\n\n\t\t\n\t\t\t<div class=\"wcorg-organizer\">\n\t\t\t\t<h2>Laura Remmers<\/h2>\n\t\t\t\t<div class=\"wcorg-organizer-description\">\n\t\t\t\t\t\t\t\t\t\t<img alt='' src='https:\/\/secure.gravatar.com\/avatar\/2ba2da4ee044c391518f1e0bc13311e156c66be8ce087215391fd5befe017b36?s=100&#038;d=mm&#038;r=g' srcset='https:\/\/secure.gravatar.com\/avatar\/2ba2da4ee044c391518f1e0bc13311e156c66be8ce087215391fd5befe017b36?s=200&#038;d=mm&#038;r=g 2x' class='avatar avatar-100 photo' height='100' width='100' \/>\t\t\t\t\t\n<hr class=\"wp-block-separator\" \/>\n\n\n\n<p>Laura ist zu 90% Scrum Master und zu 10% Partnermanagerin bei Mittwald und wagt sich nun als Teil des Organisatorenteams tiefer in die WordPress-Welt hinein.  Anzutreffen ist sie regelm\u00e4\u00dfig auf den WordCamps in ganz Deutschland. <br>In ihrer Freizeit sieht man sie regelm\u00e4\u00dfig mit einem Buch in der Hand, an einer Kletterwand, im Garten, in der K\u00fcche oder beim abmeddeln auf Konzerten, Festivals oder im Auto. <\/p>\n\t\t\t\t<\/div>\n\t\t\t<\/div>\n\n\t\t\n\t\t\t<div class=\"wcorg-organizer\">\n\t\t\t\t<h2>Udo Meisen<\/h2>\n\t\t\t\t<div class=\"wcorg-organizer-description\">\n\t\t\t\t\t\t\t\t\t\t<img alt='' src='https:\/\/secure.gravatar.com\/avatar\/557ff9519cb648e09929cff16fd6ab735943f9372b01f0dc7caa4b744444be49?s=100&#038;d=mm&#038;r=g' srcset='https:\/\/secure.gravatar.com\/avatar\/557ff9519cb648e09929cff16fd6ab735943f9372b01f0dc7caa4b744444be49?s=200&#038;d=mm&#038;r=g 2x' class='avatar avatar-100 photo' height='100' width='100' \/>\t\t\t\t\t\n<h4 class=\"wp-block-heading\">Einfach immer Recht<\/h4>\n\n\n\n<hr class=\"wp-block-separator\" \/>\n\n\n\n<p>Udo arbeitet als Online-Redakteur an <a href=\"https:\/\/www.praetor.xyz\">juristischen Informationsportalen<\/a> st\u00e4ndig mit WordPress und hat WordPress seit 2005 in den verschiedensten Einsatzszenarios sch\u00e4tzen gelernt.<\/p>\n\n\n\n<p>Er ist einer der Organisatoren des <a rel=\"noreferrer noopener\" href=\"https:\/\/wpbn.de\/\" target=\"_blank\">WordPress-Meetups Bonn<\/a> sowie des <a href=\"http:\/\/wpcgn.de\/\">WordPress-Meetups K\u00f6ln<\/a> und hier zum f\u00fcnften Mal Mit-Organisator eines WordCamps.<\/p>\n\n\n\n<div class=\"wp-block-image\">\n<figure class=\"alignleft is-resized\"><figure><a href=\"https:\/\/www.praetor.im\/\"><img loading=\"lazy\" decoding=\"async\" class=\"wp-image-471\" src=\"https:\/\/2017.cologne.wordcamp.org\/files\/2017\/08\/home.png\" alt=\"url\" width=\"32\" height=\"32\"><\/a><\/figure><\/figure>\n<\/div>\n\n\n\n<div class=\"wp-block-image\">\n<figure class=\"alignleft is-resized\"><figure><a href=\"mailto:u.meisen@praetor.im\"><img loading=\"lazy\" decoding=\"async\" class=\"wp-image-294\" src=\"https:\/\/2017.cologne.wordcamp.org\/files\/2017\/08\/envelope-o.png\" alt=\"mail\" width=\"32\" height=\"32\"><\/a><\/figure><\/figure>\n<\/div>\n\n\n\n<div class=\"wp-block-image\">\n<figure class=\"alignleft is-resized\"><figure><a href=\"https:\/\/profiles.wordpress.org\/praetorim\/\"><img loading=\"lazy\" decoding=\"async\" class=\"wp-image-301\" src=\"https:\/\/2017.cologne.wordcamp.org\/files\/2017\/08\/wordpress.png\" alt=\"wordpress\" width=\"32\" height=\"32\"><\/a><\/figure><\/figure>\n<\/div>\n\n\n\n<div class=\"wp-block-image\">\n<figure class=\"alignleft is-resized\"><figure><a href=\"https:\/\/twitter.com\/PraetorIM\"><img loading=\"lazy\" decoding=\"async\" class=\"wp-image-299\" src=\"https:\/\/2017.cologne.wordcamp.org\/files\/2017\/08\/twitter.png\" alt=\"twitter\" width=\"32\" height=\"32\"><\/a><\/figure><\/figure>\n<\/div>\n\n\n\n<div class=\"wp-block-image\">\n<figure class=\"alignleft is-resized\"><figure><a href=\"https:\/\/praetor.im\/feed\/\"><img loading=\"lazy\" decoding=\"async\" class=\"wp-image-295\" src=\"https:\/\/2017.cologne.wordcamp.org\/files\/2017\/08\/rss.png\" alt=\"rss\" width=\"32\" height=\"32\"><\/a><\/figure><\/figure>\n<\/div>\n\n\n\n<div class=\"wp-block-image\">\n<figure class=\"alignleft is-resized\"><figure><a href=\"https:\/\/www.youtube.com\/channel\/UCDbMv3S_8WRdpPxspaxNKoA\"><img loading=\"lazy\" decoding=\"async\" class=\"wp-image-303\" src=\"https:\/\/2017.cologne.wordcamp.org\/files\/2017\/08\/youtube.png\" alt=\"youtube\" width=\"32\" height=\"32\"><\/a><\/figure><\/figure>\n<\/div>\n\n\n\n<div style=\"height:20px\" aria-hidden=\"true\" class=\"wp-block-spacer\"><\/div>\n\n\n\n<hr class=\"wp-block-separator\" \/>\n\t\t\t\t<\/div>\n\t\t\t<\/div>\n\n\t\t\n\t\t\t<div class=\"wcorg-organizer\">\n\t\t\t\t<h2>Bas Brader<\/h2>\n\t\t\t\t<div class=\"wcorg-organizer-description\">\n\t\t\t\t\t\t\t\t\t\t<img alt='' src='https:\/\/secure.gravatar.com\/avatar\/550838c115c0bce885aa26cf5e8b9db15448f0de80d852cdea54c9dba8e388ff?s=100&#038;d=mm&#038;r=g' srcset='https:\/\/secure.gravatar.com\/avatar\/550838c115c0bce885aa26cf5e8b9db15448f0de80d852cdea54c9dba8e388ff?s=200&#038;d=mm&#038;r=g 2x' class='avatar avatar-100 photo' height='100' width='100' \/>\t\t\t\t\t\n<h4 class=\"wp-block-heading\">WordPress Support vom Feinsten<\/h4>\n\n\n\n<hr class=\"wp-block-separator\" \/>\n\n\n\n<p>Bas  ist Supportspezialist bei<a href=\"https:\/\/www.savvii.com\"> Savvii<\/a> Managed WordPress Hosting. Von seiner Arbeit bei Savvii aus arbeitet Bas nat\u00fcrlich mit WordPress, aber als leidenschaftlicher Fotograf verwendet er auch WordPress, um <a href=\"https:\/\/www.basbrader.com\">seine Fotos<\/a> zu zeigen. Bas ist ein echter Community-Junkie und organisiert mit an verschiedenen  WordCamps  und Meetups.<\/p>\n\n\n\n<p><\/p>\n\n\n\n<hr class=\"wp-block-separator\" \/>\n\t\t\t\t<\/div>\n\t\t\t<\/div>\n\n\t\t\n\t\t\t<div class=\"wcorg-organizer\">\n\t\t\t\t<h2>Jessica Lyschik<\/h2>\n\t\t\t\t<div class=\"wcorg-organizer-description\">\n\t\t\t\t\t\t\t\t\t\t<img alt='' src='https:\/\/secure.gravatar.com\/avatar\/eb66d1655187ce7b2e3e22ee93a30d4f9657a505aa4a247c11c67b282164f60a?s=100&#038;d=mm&#038;r=g' srcset='https:\/\/secure.gravatar.com\/avatar\/eb66d1655187ce7b2e3e22ee93a30d4f9657a505aa4a247c11c67b282164f60a?s=200&#038;d=mm&#038;r=g 2x' class='avatar avatar-100 photo' height='100' width='100' \/>\t\t\t\t\t\n<p>Jessica ist selbstst\u00e4ndige <a href=\"https:\/\/jessicalyschik.de\">WordPress Theme-Entwicklerin und WordPress Trainerin<\/a> aus K\u00f6ln. Seit \u00fcber 12 Jahren macht sie mit HTML, CSS und JavaScript funktionale Webseiten f\u00fcr jeden, egal ob Hobby-Blogger, Onlineshop-Betreiber oder internationaler Gro\u00dfkonzern.<\/p>\n\n\n\n<p>Jessica ist der Kopf hinter der <a href=\"https:\/\/gutenberg-fibel.de\">Gutenberg Fibel<\/a>. Als Speakerin hat sie schon auf diversen WordCamps Vortr\u00e4ge gehalten. Sie ist regelm\u00e4\u00dfig auf Meetups unterwegs, manchmal auch mit einem Vortrag. Au\u00dferdem war sie Lead-Organisatorin des <a href=\"https:\/\/2019.osnabrueck.wordcamp.org\">WordCamp Osnabr\u00fcck<\/a>.<\/p>\n\t\t\t\t<\/div>\n\t\t\t<\/div>\n\n\t\t\n\t\t\t<div class=\"wcorg-organizer\">\n\t\t\t\t<h2>Judith Schr\u00f6er<\/h2>\n\t\t\t\t<div class=\"wcorg-organizer-description\">\n\t\t\t\t\t\t\t\t\t\t<img alt='' src='https:\/\/secure.gravatar.com\/avatar\/25186b6657e3935b1890da02da05e19cd12dd550061d7509e2a13a4bb0acee31?s=100&#038;d=mm&#038;r=g' srcset='https:\/\/secure.gravatar.com\/avatar\/25186b6657e3935b1890da02da05e19cd12dd550061d7509e2a13a4bb0acee31?s=200&#038;d=mm&#038;r=g 2x' class='avatar avatar-100 photo' height='100' width='100' \/>\t\t\t\t\t\n<h4 class=\"wp-block-heading\">WordPress &amp; #MentalHealth<\/h4>\n\n\n\n<hr class=\"wp-block-separator\" \/>\n\n\n\n<p>Judith ist seit 2015 <a href=\"https:\/\/letsgetitstraight.de\/\">selbst\u00e4ndig als digitale Betriebswirtin<\/a> und ber\u00e4t Freelancer sowie kleine Unternehmen zu den Themen Online Marketing und Digitalisierung. Sie liebt Nischenunternehmen, weil sie gerne mit Menschen zusammen arbeitet, die ihrer Passion folgen &#8211; seit mehr als 20 Jahren mittlerweile. \u00dcberwiegend im Tourismus.<\/p>\n\n\n\n<p>Sie ist ein WordPress Fan und in der deutschen WordPress Community seit 2017 aktiv. Man trifft sie regelm\u00e4\u00dfig bei <a href=\"https:\/\/www.meetup.com\/de-DE\/WordPress-Online-Meetup-Deutschland\/\">WordPress Meetups Online<\/a> und in <a href=\"http:\/\/wpcgn.de\/\">K\u00f6ln<\/a>, beim Organisieren des <a href=\"https:\/\/2018.cologne.wordcamp.org\/\">WordCamp K\u00f6ln<\/a> oder als Speakerin bei verschiedenen WordCamps in Europa (<a href=\"https:\/\/2019.europe.wordcamp.org\/speaker\/judith-schroer\/\">WordCamp Europe 2019<\/a>).<\/p>\n\n\n\n<hr class=\"wp-block-separator\" \/>\n\t\t\t\t<\/div>\n\t\t\t<\/div>\n\n\t\t\n\t\t\t<div class=\"wcorg-organizer\">\n\t\t\t\t<h2>Frank Neumann-Staude<\/h2>\n\t\t\t\t<div class=\"wcorg-organizer-description\">\n\t\t\t\t\t\t\t\t\t\t<img alt='' src='https:\/\/secure.gravatar.com\/avatar\/8bad497168f3b1b06b2ff87c2896277ff8e17bb37b387d9aec4c1c0a063495e6?s=100&#038;d=mm&#038;r=g' srcset='https:\/\/secure.gravatar.com\/avatar\/8bad497168f3b1b06b2ff87c2896277ff8e17bb37b387d9aec4c1c0a063495e6?s=200&#038;d=mm&#038;r=g 2x' class='avatar avatar-100 photo' height='100' width='100' \/>\t\t\t\t\t\n<hr class=\"wp-block-separator\" \/>\n\n\n\n<p>Tags\u00fcber als Pluginprogrammierer f\u00fcr WordPress beim Comenius Institut. Nachts als Moderator im Forum auf WordPress.org, General Translation Editor, Meetup Gr\u00fcnder und Organisator, WordCamp Organisator und Pluginprogrammierer. Er hat verschiedene Meetups und Usergroups ins Leben gerufen. Spricht auf WordCamps und BarCamps \u00fcber WordPress und anderes. Hat einen Internetprovider mit aufgebaut und ist Mitgr\u00fcnder von AdminPress.<\/p>\n\n\n\n<hr class=\"wp-block-separator\" \/>\n\t\t\t\t<\/div>\n\t\t\t<\/div>\n\n\t\t\n\t\t\t<div class=\"wcorg-organizer\">\n\t\t\t\t<h2>Thomas Br\u00fchl<\/h2>\n\t\t\t\t<div class=\"wcorg-organizer-description\">\n\t\t\t\t\t\t\t\t\t\t<img alt='' src='https:\/\/secure.gravatar.com\/avatar\/55f2188ca0c42f9f62b562fbf9747c54f088782ce3af48cf6db567bc53428ac0?s=100&#038;d=mm&#038;r=g' srcset='https:\/\/secure.gravatar.com\/avatar\/55f2188ca0c42f9f62b562fbf9747c54f088782ce3af48cf6db567bc53428ac0?s=200&#038;d=mm&#038;r=g 2x' class='avatar avatar-100 photo' height='100' width='100' \/>\t\t\t\t\t\n<p>Thomas ist hauptberuflich bei einem Versicherungskonzern als Information Security Officer (ISO) t\u00e4tig. Nebenbei k\u00fcmmert er sich um eine steigende Anzahl WordPress Installationen. Mit WordPress angefangen hat er 2004 mit seinem Blog <a href=\"https:\/\/her.ein.de\/\">her.ein.de<\/a>&nbsp;und der WordPress Version 1.2 (Mingus). Er ist einer der Organisatoren des <a href=\"http:\/\/wpcgn.de\/\">WordPress Meetup K\u00f6ln<\/a> und des <a href=\"https:\/\/europe.wordcamp.org\/\">WordCamp Europe<\/a> sowie einer der <a href=\"https:\/\/make.wordpress.org\/community\/\">WordCamp Central Deputys<\/a> f\u00fcr Europa.<\/p>\n\n\n\n<div class=\"wp-block-image\"><figure class=\"alignleft is-resized\"><a href=\"https:\/\/her.ein.de\/\"><img loading=\"lazy\" decoding=\"async\" src=\"https:\/\/2017.cologne.wordcamp.org\/files\/2017\/08\/home.png\" alt=\"url\" class=\"wp-image-471\" width=\"32\" height=\"32\" \/><\/a><\/figure><\/div>\n\n\n\n<div class=\"wp-block-image\"><figure class=\"alignleft is-resized\"><a href=\"mailto:thomas@bruehl.org\"><img loading=\"lazy\" decoding=\"async\" src=\"https:\/\/2017.cologne.wordcamp.org\/files\/2017\/08\/envelope-o.png\" alt=\"mail\" class=\"wp-image-294\" width=\"32\" height=\"32\" \/><\/a><\/figure><\/div>\n\n\n\n<div class=\"wp-block-image\"><figure class=\"alignleft is-resized\"><a href=\"https:\/\/profiles.wordpress.org\/00sleepy\"><img loading=\"lazy\" decoding=\"async\" src=\"https:\/\/2017.cologne.wordcamp.org\/files\/2017\/08\/wordpress.png\" alt=\"wordpress\" class=\"wp-image-301\" width=\"32\" height=\"32\" \/><\/a><\/figure><\/div>\n\n\n\n<div class=\"wp-block-image\"><figure class=\"alignleft is-resized\"><a href=\"https:\/\/twitter.com\/00sleepy\"><img loading=\"lazy\" decoding=\"async\" src=\"https:\/\/2017.cologne.wordcamp.org\/files\/2017\/08\/twitter.png\" alt=\"twitter\" class=\"wp-image-299\" width=\"32\" height=\"32\" \/><\/a><\/figure><\/div>\n\n\n\n<div class=\"wp-block-image\"><figure class=\"alignleft is-resized\"><a href=\"https:\/\/www.xing.com\/profile\/Thomas_Bruehl3\/\"><img loading=\"lazy\" decoding=\"async\" src=\"https:\/\/2017.cologne.wordcamp.org\/files\/2017\/08\/xing.png\" alt=\"xing\" class=\"wp-image-302\" width=\"32\" height=\"32\" \/><\/a><\/figure><\/div>\n\n\n\n<div class=\"wp-block-image\"><figure class=\"alignleft is-resized\"><a href=\"https:\/\/www.flickr.com\/photos\/00Sleepy\"><img loading=\"lazy\" decoding=\"async\" src=\"https:\/\/2017.cologne.wordcamp.org\/files\/2017\/08\/flickr.png\" alt=\"flickr\" class=\"wp-image-292\" width=\"32\" height=\"32\" \/><\/a><\/figure><\/div>\n\n\n\n<div class=\"wp-block-image\"><figure class=\"alignleft is-resized\"><a href=\"https:\/\/her.ein.de\/feed\/\"><img loading=\"lazy\" decoding=\"async\" src=\"https:\/\/2017.cologne.wordcamp.org\/files\/2017\/08\/rss.png\" alt=\"rss\" class=\"wp-image-295\" width=\"32\" height=\"32\" \/><\/a><\/figure><\/div>\n\n\n\n<div class=\"wp-block-image\"><figure class=\"alignleft is-resized\"><a href=\"https:\/\/soundcloud.com\/00sleepy\"><img loading=\"lazy\" decoding=\"async\" src=\"https:\/\/2017.cologne.wordcamp.org\/files\/2017\/08\/soundcloud.png\" alt=\"soundcloud\" class=\"wp-image-297\" width=\"41\" height=\"32\" \/><\/a><\/figure><\/div>\n\n\n\n<div class=\"wp-block-image\"><figure class=\"alignleft is-resized\"><a href=\"https:\/\/www.youtube.com\/user\/00Sleepy\"><img loading=\"lazy\" decoding=\"async\" src=\"https:\/\/2017.cologne.wordcamp.org\/files\/2017\/08\/youtube.png\" alt=\"youtube\" class=\"wp-image-303\" width=\"32\" height=\"32\" \/><\/a><\/figure><\/div>\n\n\n\n<div class=\"wp-block-image\"><figure class=\"alignleft is-resized\"><a href=\"https:\/\/vimeo.com\/00sleepy\"><img loading=\"lazy\" decoding=\"async\" src=\"https:\/\/2017.cologne.wordcamp.org\/files\/2017\/08\/vimeo.png\" alt=\"vimeo\" class=\"wp-image-300\" width=\"32\" height=\"32\" \/><\/a><\/figure><\/div>\n\n\n\n<div style=\"height:91px\" aria-hidden=\"true\" class=\"wp-block-spacer\"><\/div>\n\t\t\t\t<\/div>\n\t\t\t<\/div>\n\n\t\t\n\t\t\t<div class=\"wcorg-organizer\">\n\t\t\t\t<h2>Torsten Bulk<\/h2>\n\t\t\t\t<div class=\"wcorg-organizer-description\">\n\t\t\t\t\t\t\t\t\t\t<img alt='' src='https:\/\/secure.gravatar.com\/avatar\/4a0b8b1e85d415a08190bc732bfd3a11e108433a7b0a4f39f91a8728f5830d8e?s=100&#038;d=mm&#038;r=g' srcset='https:\/\/secure.gravatar.com\/avatar\/4a0b8b1e85d415a08190bc732bfd3a11e108433a7b0a4f39f91a8728f5830d8e?s=200&#038;d=mm&#038;r=g 2x' class='avatar avatar-100 photo' height='100' width='100' \/>\t\t\t\t\t\n<h4 class=\"wp-block-heading\">Immer wieder neu begeistert von der Community \ud83d\ude4c\ud83c\udffb<\/h4>\n\n\n\n<p>Torsten ist Head of Marketing bei <a href=\"https:\/\/bulkpartner.net\"> bulk&amp;partner<\/a> in Moraira an der n\u00f6rdlichen Costa Blanca (Spanien) und arbeitet zum Teil remote. Seine Welt dort sind das Marketing und die Website, die nat\u00fcrlich auf WordPress basiert.<\/p>\n\n\n\n<p>Man trifft ihn regelm\u00e4\u00dfig bei WordPress Meetups in <a href=\"https:\/\/www.meetup.com\/de-DE\/wpmeetup-osnabrueck\/\" target=\"_blank\" rel=\"noopener noreferrer\">Osnabr\u00fcck und M\u00fcnster<\/a>, als Gast in anderen St\u00e4dten und auf diversen WordCamps.<\/p>\n\n\n\n<p>Er engagiert sich sehr aktiv in der WordPress Community z.B. beim Organisieren des <a rel=\"noopener noreferrer\" href=\"https:\/\/2019.osnabrueck.wordcamp.org\" target=\"_blank\">WordCamp Osnabr\u00fcck 2019<\/a> und des WordCamp Retreat Soltau 2020, ist Mitveranstalter des WordPress Meetups <a rel=\"noreferrer noopener\" href=\"https:\/\/www.meetup.com\/de-DE\/wpmeetup-osnabrueck\/\" target=\"_blank\">Osnabr\u00fcck und M\u00fcnster<\/a> und hilft als Contributor + Editor beim \u00dcbersetzen von Plugins wie <a rel=\"noopener noreferrer\" href=\"https:\/\/de.wordpress.org\/plugins\/wp-google-maps\/\" target=\"_blank\">WP Google Maps<\/a> und <a rel=\"noopener noreferrer\" href=\"https:\/\/de.wordpress.org\/plugins\/seo-by-rank-math\/\" target=\"_blank\">Rank Math<\/a>.<\/p>\n\t\t\t\t<\/div>\n\t\t\t<\/div>\n\n\t\t\n\t<\/div><!-- .wcorg-organizers -->\n\t\n\n\n\n<hr class=\"wp-block-separator\" \/>\n\n\n\n<p><a href=\"https:\/\/2020-soltau.retreat.wordcamp.org\/organizers\/\">Diese Seite auf Englisch<\/a><\/p>\n","protected":false},"excerpt":{"rendered":"<p>F\u00fcr die Organisation des zweiten WordCamp Retreat in Soltau begeistern sich diese WordPress-Fans: Diese Seite auf Englisch<\/p>\n","protected":false},"author":14244452,"featured_media":0,"parent":210,"menu_order":0,"comment_status":"closed","ping_status":"closed","template":"","meta":{"jetpack_post_was_ever_published":false,"footnotes":""},"class_list":["post-370","page","type-page","status-publish","hentry"],"jetpack_sharing_enabled":true,"jetpack_shortlink":"https:\/\/wp.me\/Pab3xr-5Y","_links":{"self":[{"href":"https:\/\/retreat.wordcamp.org\/2020-soltau\/wp-json\/wp\/v2\/pages\/370","targetHints":{"allow":["GET"]}}],"collection":[{"href":"https:\/\/retreat.wordcamp.org\/2020-soltau\/wp-json\/wp\/v2\/pages"}],"about":[{"href":"https:\/\/retreat.wordcamp.org\/2020-soltau\/wp-json\/wp\/v2\/types\/page"}],"author":[{"embeddable":true,"href":"https:\/\/retreat.wordcamp.org\/2020-soltau\/wp-json\/wp\/v2\/users\/14244452"}],"replies":[{"embeddable":true,"href":"https:\/\/retreat.wordcamp.org\/2020-soltau\/wp-json\/wp\/v2\/comments?post=370"}],"version-history":[{"count":1,"href":"https:\/\/retreat.wordcamp.org\/2020-soltau\/wp-json\/wp\/v2\/pages\/370\/revisions"}],"predecessor-version":[{"id":378,"href":"https:\/\/retreat.wordcamp.org\/2020-soltau\/wp-json\/wp\/v2\/pages\/370\/revisions\/378"}],"up":[{"embeddable":true,"href":"https:\/\/retreat.wordcamp.org\/2020-soltau\/wp-json\/wp\/v2\/pages\/210"}],"wp:attachment":[{"href":"https:\/\/retreat.wordcamp.org\/2020-soltau\/wp-json\/wp\/v2\/media?parent=370"}],"curies":[{"name":"wp","href":"https:\/\/api.w.org\/{rel}","templated":true}]}}