{"id":322,"date":"2017-06-04T14:19:22","date_gmt":"2017-06-04T12:19:22","guid":{"rendered":"https:\/\/2018-soltau.retreat.wordcamp.org\/?page_id=322"},"modified":"2017-11-23T09:12:15","modified_gmt":"2017-11-23T08:12:15","slug":"anreise","status":"publish","type":"page","link":"https:\/\/retreat.wordcamp.org\/2018-soltau\/anreise\/","title":{"rendered":"Zentral in der L\u00fcneburger Heide"},"content":{"rendered":"<h5>Hotel Park Soltau<br \/>\nWinsener Str. 111<br \/>\nD-29614 Soltau<\/h5>\n<hr \/>\n<div class=\"googlemaps\">\n\t\t\t\t<iframe loading=\"lazy\" width=\"600\" height=\"450\" frameborder=\"0\" scrolling=\"no\" marginheight=\"0\" marginwidth=\"0\"  src=\"https:\/\/www.google.com\/maps\/embed?pb=!1m14!1m8!1m3!1d1273052.1523827414!2d8.338990296045953!3d53.28697221533931!3m2!1i1024!2i768!4f13.1!3m3!1m2!1s0x0:0x581ef3c0be6300d0!2sHotel%20Park%20Soltau%20GmbH!5e0!3m2!1sde!2sde!4v1500899537842\"><\/iframe>\n\t\t\t<\/div>\n<h2>Anfahrt mit dem Auto<\/h2>\n<p>Das Hotel Park Soltau verf\u00fcgt \u00fcber ausreichend<br \/>\n<strong>kostenfreie Parkpl\u00e4tze<\/strong> f\u00fcr alle G\u00e4ste.<\/p>\n<p><strong>Aus Richtung Hannover, Entfernung \/\/ 74 km<\/strong><\/p>\n<ul class=\"Pfeil\">\n<li class=\"Pfeil\">A7 Richtung Hamburg<\/li>\n<li class=\"Pfeil\">Ausfahrt Soltau-S\u00fcd<\/li>\n<li class=\"Pfeil\">Folge der Beschilderung Richtung Soltau (3 km) Celler Stra\u00dfe.<\/li>\n<li class=\"Pfeil\">Bleibe auf der Hauptstra\u00dfe. \u00dcberquere die gro\u00dfe Kreuzung und fahre weiter geradeaus durch die Stadt.<\/li>\n<li class=\"Pfeil\">Du \u00a0bist nun auf der Winsener Stra\u00dfe. Die Einfahrt zum Hotel Park Soltau befindet sich auf der linken Seite ca. 300 Meter nach dem Ortsausgangsschild.<\/li>\n<\/ul>\n<p><strong>Aus Richtung Hamburg, Entfernung \/\/ 70 km:<\/strong><\/p>\n<ul class=\"Pfeil\">\n<li class=\"Pfeil\">A7 Richtung Hannover<\/li>\n<li class=\"Pfeil\">Ausfahrt Soltau-Ost<\/li>\n<li class=\"Pfeil\">Folge der Beschilderung in Richtung Soltau (5 km)<\/li>\n<li class=\"Pfeil\">An der ersten gro\u00dfen Kreuzung fahre rechts in die Winsener Stra\u00dfe.<\/li>\n<li class=\"Pfeil\">Folge der Stra\u00dfe. Die Einfahrt zum Hotel Park Soltau befindet sich auf der linken Seite ca. 300 Meter nach dem Ortsausgangsschild.<\/li>\n<\/ul>\n<hr \/>\n<h2>Anreise mit der Bahn<\/h2>\n<p><strong>Aus Richtung \/\/ Hamburg<\/strong><\/p>\n<ul class=\"Pfeil\">\n<li class=\"Pfeil\">Hamburg Hbf mit dem Metronom in Richtung Buchholz Bf<\/li>\n<li class=\"Pfeil\">Buchholz Bf mit der Regionalbahn in Richtung Soltau<\/li>\n<li class=\"Pfeil\">Soltau (Nord) aussteigen<\/li>\n<li class=\"Pfeil\">Das Hotel befindet sich <strong>nur 100 Meter<\/strong> vom Bf<\/li>\n<\/ul>\n<p><strong>Aus Richtung \/\/ Hannover<\/strong><\/p>\n<ul class=\"Pfeil\">\n<li class=\"Pfeil\">Hannover Hbf mit dem Metronom in Richtung Soltau<\/li>\n<li class=\"Pfeil\">Soltau (Nord) aussteigen<\/li>\n<li>Das Hotel befindet sich <strong>nur 100 Meter<\/strong> vom Bf<\/li>\n<\/ul>\n<p><strong>Aus Richtung \/\/ Bremen<\/strong><\/p>\n<ul class=\"Pfeil\">\n<li class=\"Pfeil\">Bremen Hbf mit der Regionalbahn in Richtung Soltau (Nord)<\/li>\n<li class=\"Pfeil\">Soltau (Nord) aussteigen<\/li>\n<li>Das Hotel befindet sich <strong>nur 100 Meter<\/strong> vom Bf<\/li>\n<\/ul>\n<p><img loading=\"lazy\" decoding=\"async\" class=\"alignnone wp-image-328 size-large\" src=\"https:\/\/2018-soltau.retreat.wordcamp.org\/files\/2017\/06\/IMG_9812-1024x768.jpg\" alt=\"\" width=\"525\" height=\"394\" srcset=\"https:\/\/retreat.wordcamp.org\/2018-soltau\/files\/2017\/06\/IMG_9812-1024x768.jpg 1024w, https:\/\/retreat.wordcamp.org\/2018-soltau\/files\/2017\/06\/IMG_9812-300x225.jpg 300w, https:\/\/retreat.wordcamp.org\/2018-soltau\/files\/2017\/06\/IMG_9812-768x576.jpg 768w, https:\/\/retreat.wordcamp.org\/2018-soltau\/files\/2017\/06\/IMG_9812-400x300.jpg 400w\" sizes=\"auto, (max-width: 525px) 100vw, 525px\" \/><\/p>\n<hr \/>\n<h2>Anreise mit dem Flugzeug<\/h2>\n<p>N\u00e4chstgelegenen Flugh\u00e4fen zum WordCamp Retreat Soltau<\/p>\n<ul>\n<li><a href=\"https:\/\/www.hamburg-airport.de\" target=\"_blank\" rel=\"noopener noreferrer\">Hamburg-Airport Helmut Schmidt<\/a><\/li>\n<li><a href=\"https:\/\/www.hannover-airport.de\" target=\"_blank\" rel=\"noopener noreferrer\">Hannover Airport<\/a><\/li>\n<li><a href=\"http:\/\/www.bremen-airport.com\/\" target=\"_blank\" rel=\"noopener noreferrer\">Bremen Airport<\/a><\/li>\n<\/ul>\n<p>Von dort aus reisen Sie dann am Besten wie oben angegeben mit Bus und Bahn oder einem Leihwagen weiter.<\/p>\n<p>&nbsp;<\/p>\n<p><a href=\"https:\/\/2018-soltau.retreat.wordcamp.org\/travel-directions\/\">[This page in English]<\/a><\/p>\n","protected":false},"excerpt":{"rendered":"<p>Hotel Park Soltau Winsener Str. 111 D-29614 Soltau Anfahrt mit dem Auto Das Hotel Park Soltau verf\u00fcgt \u00fcber ausreichend kostenfreie Parkpl\u00e4tze f\u00fcr alle G\u00e4ste. Aus Richtung Hannover, Entfernung \/\/ 74 km A7 Richtung Hamburg Ausfahrt Soltau-S\u00fcd Folge der Beschilderung Richtung Soltau (3 km) Celler Stra\u00dfe. Bleibe auf der Hauptstra\u00dfe. \u00dcberquere die gro\u00dfe Kreuzung und fahre &hellip; <\/p>\n<p class=\"link-more\"><a href=\"https:\/\/retreat.wordcamp.org\/2018-soltau\/anreise\/\" class=\"more-link\"><span class=\"screen-reader-text\">\u201eZentral in der L\u00fcneburger Heide\u201c<\/span> weiterlesen<\/a><\/p>\n","protected":false},"author":15151245,"featured_media":677,"parent":0,"menu_order":0,"comment_status":"closed","ping_status":"closed","template":"","meta":{"jetpack_post_was_ever_published":false,"footnotes":""},"class_list":["post-322","page","type-page","status-publish","has-post-thumbnail","hentry"],"jetpack_sharing_enabled":true,"jetpack_shortlink":"https:\/\/wp.me\/P8IlmE-5c","_links":{"self":[{"href":"https:\/\/retreat.wordcamp.org\/2018-soltau\/wp-json\/wp\/v2\/pages\/322","targetHints":{"allow":["GET"]}}],"collection":[{"href":"https:\/\/retreat.wordcamp.org\/2018-soltau\/wp-json\/wp\/v2\/pages"}],"about":[{"href":"https:\/\/retreat.wordcamp.org\/2018-soltau\/wp-json\/wp\/v2\/types\/page"}],"author":[{"embeddable":true,"href":"https:\/\/retreat.wordcamp.org\/2018-soltau\/wp-json\/wp\/v2\/users\/15151245"}],"replies":[{"embeddable":true,"href":"https:\/\/retreat.wordcamp.org\/2018-soltau\/wp-json\/wp\/v2\/comments?post=322"}],"version-history":[{"count":28,"href":"https:\/\/retreat.wordcamp.org\/2018-soltau\/wp-json\/wp\/v2\/pages\/322\/revisions"}],"predecessor-version":[{"id":1075,"href":"https:\/\/retreat.wordcamp.org\/2018-soltau\/wp-json\/wp\/v2\/pages\/322\/revisions\/1075"}],"wp:featuredmedia":[{"embeddable":true,"href":"https:\/\/retreat.wordcamp.org\/2018-soltau\/wp-json\/wp\/v2\/media\/677"}],"wp:attachment":[{"href":"https:\/\/retreat.wordcamp.org\/2018-soltau\/wp-json\/wp\/v2\/media?parent=322"}],"curies":[{"name":"wp","href":"https:\/\/api.w.org\/{rel}","templated":true}]}}