{"id":287,"date":"2017-06-14T18:20:43","date_gmt":"2017-06-14T16:20:43","guid":{"rendered":"https:\/\/2018-soltau.retreat.wordcamp.org\/?page_id=287"},"modified":"2017-11-30T23:36:52","modified_gmt":"2017-11-30T22:36:52","slug":"4-5-6-mai","status":"publish","type":"page","link":"https:\/\/retreat.wordcamp.org\/2018-soltau\/","title":{"rendered":"Erlebe WordPress Community wie nie zuvor"},"content":{"rendered":"<p><img loading=\"lazy\" decoding=\"async\" class=\"alignnone size-large wp-image-572\" src=\"https:\/\/2018-soltau.retreat.wordcamp.org\/files\/2017\/06\/Soltau-467-1024x683.jpg\" alt=\"\" width=\"525\" height=\"350\" srcset=\"https:\/\/retreat.wordcamp.org\/2018-soltau\/files\/2017\/06\/Soltau-467-1024x683.jpg 1024w, https:\/\/retreat.wordcamp.org\/2018-soltau\/files\/2017\/06\/Soltau-467-300x200.jpg 300w, https:\/\/retreat.wordcamp.org\/2018-soltau\/files\/2017\/06\/Soltau-467-768x512.jpg 768w, https:\/\/retreat.wordcamp.org\/2018-soltau\/files\/2017\/06\/Soltau-467-450x300.jpg 450w\" sizes=\"auto, (max-width: 525px) 100vw, 525px\" \/><\/p>\n<p>Finde zur Ruhe im Einklang mit der Natur.<br \/>\nMach Platz f\u00fcr neue Inspiration.<br \/>\nNehme teil an interaktiven Workshops.<br \/>\nNutze bisher unbekannte Networking-M\u00f6glichkeiten.<br \/>\nHabe Spa\u00df bei Indoor- und Outdooraktivit\u00e4ten.<br \/>\nF\u00f6rdere Deine pers\u00f6nlichen St\u00e4rken.<br \/>\nLerne von den Besten.<br \/>\nErweitere Deine WordPress Skills.<br \/>\nTrage aktiv zum WordPress-Projekt bei.<br \/>\nTreffe neue und bekannte Gesichter.<br \/>\nErfahre Co-Working unter besten Bedingungen.<br \/>\nGenie\u00dfe den Wechsel zwischen Input und Entspannung.<br \/>\nLass es Dir einfach mal gut gehen.<\/p>\n<h4>Ein neues Konzept<br \/>\nmit nahezu unbegrenzten M\u00f6glichkeiten.<br \/>\n<span style=\"color: #77ad42\"> Das NEUE WordCamp in 2018,<br \/>\ndas Du auf keinen Fall verpassen willst.<\/span><\/h4>\n<p>&nbsp;<\/p>\n","protected":false},"excerpt":{"rendered":"<p>Finde zur Ruhe im Einklang mit der Natur. Mach Platz f\u00fcr neue Inspiration. Nehme teil an interaktiven Workshops. Nutze bisher unbekannte Networking-M\u00f6glichkeiten. Habe Spa\u00df bei Indoor- und Outdooraktivit\u00e4ten. F\u00f6rdere Deine pers\u00f6nlichen St\u00e4rken. Lerne von den Besten. Erweitere Deine WordPress Skills. Trage aktiv zum WordPress-Projekt bei. Treffe neue und bekannte Gesichter. Erfahre Co-Working unter besten Bedingungen. &hellip; <\/p>\n<p class=\"link-more\"><a href=\"https:\/\/retreat.wordcamp.org\/2018-soltau\/\" class=\"more-link\"><span class=\"screen-reader-text\">\u201eErlebe WordPress Community wie nie zuvor\u201c<\/span> weiterlesen<\/a><\/p>\n","protected":false},"author":15151245,"featured_media":0,"parent":0,"menu_order":0,"comment_status":"closed","ping_status":"closed","template":"","meta":{"jetpack_post_was_ever_published":false,"footnotes":""},"class_list":["post-287","page","type-page","status-publish","hentry"],"jetpack_sharing_enabled":true,"jetpack_shortlink":"https:\/\/wp.me\/P8IlmE-4D","_links":{"self":[{"href":"https:\/\/retreat.wordcamp.org\/2018-soltau\/wp-json\/wp\/v2\/pages\/287","targetHints":{"allow":["GET"]}}],"collection":[{"href":"https:\/\/retreat.wordcamp.org\/2018-soltau\/wp-json\/wp\/v2\/pages"}],"about":[{"href":"https:\/\/retreat.wordcamp.org\/2018-soltau\/wp-json\/wp\/v2\/types\/page"}],"author":[{"embeddable":true,"href":"https:\/\/retreat.wordcamp.org\/2018-soltau\/wp-json\/wp\/v2\/users\/15151245"}],"replies":[{"embeddable":true,"href":"https:\/\/retreat.wordcamp.org\/2018-soltau\/wp-json\/wp\/v2\/comments?post=287"}],"version-history":[{"count":66,"href":"https:\/\/retreat.wordcamp.org\/2018-soltau\/wp-json\/wp\/v2\/pages\/287\/revisions"}],"predecessor-version":[{"id":1125,"href":"https:\/\/retreat.wordcamp.org\/2018-soltau\/wp-json\/wp\/v2\/pages\/287\/revisions\/1125"}],"wp:attachment":[{"href":"https:\/\/retreat.wordcamp.org\/2018-soltau\/wp-json\/wp\/v2\/media?parent=287"}],"curies":[{"name":"wp","href":"https:\/\/api.w.org\/{rel}","templated":true}]}}