{"id":280,"date":"2017-06-14T16:33:02","date_gmt":"2017-06-14T14:33:02","guid":{"rendered":"https:\/\/2018-soltau.retreat.wordcamp.org\/?page_id=280"},"modified":"2018-04-30T08:51:48","modified_gmt":"2018-04-30T06:51:48","slug":"verhaltenskodex","status":"publish","type":"page","link":"https:\/\/retreat.wordcamp.org\/2018-soltau\/verhaltenskodex\/","title":{"rendered":"Kodex zum Verhalten"},"content":{"rendered":"<p>Wenn du hier bist, um etwas zu melden, wor\u00fcber du besorgt bist, f\u00fclle das <a href=\"#coc-form\">Formular<\/a> aus und wir werden uns darum k\u00fcmmern.<\/p>\n<h2>Zielsetzung<\/h2>\n<p>Das WordCamp Retreat Soltau hat es sich als ein wichtiges Ziel gesetzt, die gr\u00f6\u00dftm\u00f6gliche Anzahl an Beitragenden mit den vielf\u00e4ltigsten und unterschiedlichsten Hintergr\u00fcnden einzubeziehen. Wir sehen es als unsere Aufgabe, eine freundliche, sichere und einladende Umgebung zu schaffen, unabh\u00e4ngig von Geschlecht, sexueller Orientierung, Bef\u00e4higung oder Behinderung, Herkunft, Religion (oder deren Nichtvorhandensein), gesellschaftlichem oder wirtschaftlichem Status, bevorzugter Technik bei Hard- oder Software.<\/p>\n<p>Dieser Verhaltenskodex umrei\u00dft unsere Erwartungen an alle Beteiligten des WordCamps Retreat Soltau, sowie die Konsequenzen f\u00fcr inakzeptables Verhalten. Wir laden alle Sponsoren, Speaker, Volunteers und Teilnehmenden des WordCamps Retreat Soltau ein, sichere und positive Erfahrungen f\u00fcr alle mitzugestalten.<\/p>\n<hr \/>\n<h2>Gemeinschaftsbildendes Engagement<\/h2>\n<p>Ein zus\u00e4tzliches Ziel dieses Verhaltenskodexes ist es, das gemeinschaftbildende Engagement zu st\u00e4rken. Insofern ermutigen wir unsere Teilnehmenden, die Beziehungen zwischen Handlungen und deren Auswirkungen auf unsere Community zu erkennen und zu st\u00e4rken.<\/p>\n<p>Communities spiegeln die Gesellschaften wider, in denen sie existieren. Positive Handlungen sind unerl\u00e4sslich, um den vielen Formen von Ungleichheit und Machtmissbrauch in der Gesellschaft entgegenzuwirken.<\/p>\n<p>Wenn du Personen begegnest, die sich viel M\u00fche geben, unsere Community einladend und freundlich zu gestalten und alle Teilnehmenden dazu anregt, sich voll einzubringen, w\u00fcrden wir gerne davon h\u00f6ren.<\/p>\n<hr \/>\n<h2>Erwartetes Verhalten<\/h2>\n<ul>\n<li>Beteilige dich authentisch und aktiv. Leiste damit deinen Beitrag zu einem gelungenen WordCamp Retreat Soltau.<\/li>\n<li>Verhalte dich r\u00fccksichts- und respektvoll in Wort und Tat.<\/li>\n<li>Bem\u00fche dich um Zusammenarbeit, damit du Konflikte von Anfang an vermeiden kannst.<\/li>\n<li>Nimm Abstand von erniedrigender, diskriminierender oder bel\u00e4stigender Sprache und Verhalten.<\/li>\n<li>Achte auf deine Umgebung und die anderen Teilnehmenden. Mache die Veranstaltenden oder andere Anwesende darauf aufmerksam, wenn du eine gef\u00e4hrliche Situation, jemanden in Bedr\u00e4ngnis oder Verletzungen dieses<\/li>\n<li>Verhaltenskodexes bemerkst, selbst wenn sie zun\u00e4chst belanglos erscheinen.<\/li>\n<\/ul>\n<hr \/>\n<h2>Inakzeptables Verhalten<\/h2>\n<p>Inakzeptable Verhaltensweisen beinhalten: Einsch\u00fcchterung, Bel\u00e4stigung, beleidigende, diskriminierende, abwertende oder erniedrigende Sprache und Verhalten durch jegliche Teilnehmenden w\u00e4hrend des WordCamps. Dies gilt online, auf allen zugeh\u00f6rigen Veranstaltungen und in pers\u00f6nlichen Gespr\u00e4chen im Rahmen unserer Community.<\/p>\n<p>Bel\u00e4stigung beinhaltet: Verletzende oder abwertende m\u00fcndliche oder schriftliche Kommentare in Bezug auf Geschlecht, sexuelle Orientierung, Alter (jedes Lebensalter), Abstammung, Religion, Behinderung; unangemessene Verwendung von Nacktheit und\/oder sexuellem Bildmaterial an \u00f6ffentlichen Orten (inklusive Pr\u00e4sentationsslides); absichtliche Einsch\u00fcchterung, Stalking oder Nachlaufen; bel\u00e4stigendes Fotografieren oder Filmen; st\u00e4ndige Unterbrechung von Vortr\u00e4gen oder anderen Events; unangemessener K\u00f6rperkontakt und unerw\u00fcnschte sexuelle Zuwendung.<\/p>\n<hr \/>\n<h2>Folgen von inakzeptablem Verhalten<\/h2>\n<p>Inakzeptables Verhalten jeglicher Community-Mitglieder, einschlie\u00dflich Sponsoren, Speaker, Volunteers, OrgaTeam und Personal des Veranstaltungsortes, wird nicht toleriert. Wird das Unterlassen inakzeptablen Verhaltens verlangt, ist dem augenblicklich Folge zu leisten.<\/p>\n<p>Wenn ein Community-Mitglied sich auf inakzeptable Art und Weise verh\u00e4lt, steht es den Veranstaltenden zu, jegliche ihnen angemessen erscheinende Ma\u00dfnahme zu ergreifen, bis einschlie\u00dflich einem befristeten oder permanenten Ausschluss von der Veranstaltung ohne Vorwarnung und ohne R\u00fcckerstattung von Kosten.<\/p>\n<h2>Wenn du inakzeptables Verhalten erlebst<\/h2>\n<p>Wenn du von inakzeptablem Verhalten betroffen bist, dieses beobachtest oder andere Anliegen hast, teile dies bitte so bald wie m\u00f6glich einem Organisator oder einem Volunteer des WordCamps Retreat Soltau, der dir einen Kontakt zum OrgaTeam herstellt, mit. Du erkennst das OrgaTeam und die Volunteers an ihren andersfarbigen Schl\u00fcsselb\u00e4ndern.<\/p>\n<p>Zus\u00e4tzlich stehen die Veranstaltenden zur Verf\u00fcgung, um Community-Mitgliedern dabei zu helfen, mit den lokalen Ordnungs- und\/oder Strafverfolgungskr\u00e4ften in Kontakt zu treten als auch ihr Sicherheitsgef\u00fchl anderweitig wieder herzustellen.<\/p>\n<p>Eine Meldung kann auch \u00fcber das unten angef\u00fcgte Kontaktformular erfolgen.<\/p>\n<hr \/>\n<h2>Behandlung von Beschwerden<\/h2>\n<p>Wenn du dich zu Unrecht oder auf ungerechte Art und Weise beschuldigt f\u00fchlst, diesen Verhaltenskodex verletzt zu haben, wende dich bitte mit einer genauen Beschreibung deiner Beschwerde an das OrgaTeam des WordCamps Retreat Soltau. Deine Beschwerde wird sorgf\u00e4ltig gepr\u00fcft und behandelt werden.<\/p>\n<hr \/>\n<h2>Geltungsbereich<\/h2>\n<p>Wir erwarten, dass sich alle Teilnehmenden des WordCamps Retreat Soltau\u00a0an jedweden Veranstaltungsorten des WordCamps\u00a0\u2013 online und offline \u2013 sowie in allen pers\u00f6nlichen Gespr\u00e4chen im Rahmen des WordCamps\u00a0an diesen Verhaltenskodex halten.<\/p>\n<p><a href=\"https:\/\/creativecommons.org\/licenses\/by-sa\/4.0\/\" rel=\"license\"><img decoding=\"async\" style=\"border-width: 0\" src=\"https:\/\/i.creativecommons.org\/l\/by-sa\/4.0\/88x31.png\" alt=\"Creative Commons Lizenzvertrag\" \/><\/a><br \/>\n<em>Verhaltenskodex WordCamp von <a href=\"https:\/\/plan.wordcamp.org\" rel=\"cc:attributionURL\">WordPress Foundation<\/a> ist lizenziert unter einer <a href=\"http:\/\/creativecommons.org\/licenses\/by-sa\/4.0\/\" rel=\"license\">Creative Commons Namensnennung \u2013 Weitergabe unter gleichen Bedingungen 4.0 International Lizenz<\/a>.<\/em><br \/>\n<em> Beruht auf den Werken unter <a href=\"https:\/\/plan.wordcamp.org\/code-of-conduct\/\" rel=\"dct:source\">https:\/\/plan.wordcamp.org\/code-of-conduct\/<\/a> und <a href=\"http:\/\/berlincodeofconduct.org\/de\/\" rel=\"dct:source\"> http:\/\/berlincodeofconduct.org\/de\/ <\/a>.<\/em><\/p>\n<hr \/>\n<p>&nbsp;<\/p>\n<h2>Mitteilung zum Verhaltenscodex an das OrgaTeam<\/h2>\n<p>Wenn du einen Versto\u00df gegen unseren Verhaltenskodex erlebt oder miterlebt hast, gib uns bitte einen detaillierten Bericht mit Hilfe des folgenden Formulars. Wenn du m\u00f6chtest, dass wir uns direkt mit dir in Verbindung setzen, hinterlasse bitte auch deinen Namen und deine Kontaktdaten, damit wir dies tun k\u00f6nnen.<br \/>\nPS: Du kannst dich auch gerne anonym melden.<\/p>\n<div data-test='contact-form'\n\t\t\tid='contact-form-280'\n\t\t\tclass='wp-block-jetpack-contact-form-container '\n\t\t\tdata-wp-interactive='jetpack\/form' data-wp-context='{\"formId\":\"280\",\"formHash\":\"2caab8d8112edb15f6b95e8cef10cfe91c6f5119\",\"showErrors\":false,\"errors\":[],\"fields\":[],\"isMultiStep\":false,\"useAjax\":true,\"submissionData\":null,\"formattedSubmissionData\":[],\"submissionSuccess\":false,\"submissionError\":null,\"elementId\":\"jp-form-2caab8d8112edb15f6b95e8cef10cfe91c6f5119\",\"isSingleInputForm\":false}'\n\t\t\tdata-wp-watch--scroll-to-wrapper=\"callbacks.scrollToWrapper\"\n\t\t>\n<div class=\"contact-form-submission contact-form-ajax-submission\" data-wp-bind--aria-hidden=\"state.isSuccessMessageAriaHidden\" data-wp-class--submission-success=\"context.submissionSuccess\" id=\"contact-form-success-2caab8d8112edb15f6b95e8cef10cfe91c6f5119\" tabindex=\"-1\" aria-labelledby=\"contact-form-success-header-2caab8d8112edb15f6b95e8cef10cfe91c6f5119\"><p class=\"go-back-message\"><a class=\"link\" role=\"button\" tabindex=\"0\" data-wp-on--click=\"actions.goBack\" href=\"\/2018-soltau\/wp-json\/wp\/v2\/pages\/280\">\u2190 Back<\/a><\/p><h4 data-wp-bind--aria-hidden=\"state.isSuccessMessageAriaHidden\" id=\"contact-form-success-header-2caab8d8112edb15f6b95e8cef10cfe91c6f5119\">Deine Nachricht wurde gesendet<\/h4>\n\n<template data-wp-each--submission=\"context.formattedSubmissionData\">\n\t\t\t\t\t<div class=\"jetpack_forms_contact-form-success-summary\">\n\t\t\t\t\t\t<div class=\"field-name\" data-wp-text=\"context.submission.label\" data-wp-bind--hidden=\"!context.submission.label\"><\/div>\n\t\t\t\t\t\t<div class=\"field-value\" data-wp-text=\"context.submission.value\" data-wp-bind--hidden=\"!context.submission.showPlainValue\"><\/div>\n\t\t\t\t\t\t<a class=\"field-url\" data-wp-bind--href=\"context.submission.url\" data-wp-text=\"context.submission.value\" data-wp-bind--hidden=\"!context.submission.url\" target=\"_blank\" rel=\"noopener noreferrer\"><\/a>\n\t\t\t\t\t\t<div class=\"field-rating\" data-wp-bind--hidden=\"!context.submission.rating\" data-wp-watch=\"callbacks.watchRatingIcons\"><\/div>\n\t\t\t\t\t\t<div class=\"field-images\" data-wp-bind--hidden=\"!context.submission.images\">\n\t\t\t\t\t\t\t<template data-wp-each--image=\"context.submission.images\">\n\t\t\t\t\t\t\t\t<div class=\"field-image-option\" data-wp-class--is-empty=\"!context.image.src\">\n\t\t\t\t\t\t\t\t\t<figure class=\"field-image-option__image\" data-wp-class--is-empty=\"!context.image.src\">\n\t\t\t\t\t\t\t\t\t\t<img data-wp-bind--src=\"context.image.src\" data-wp-bind--hidden=\"!context.image.src\" \/>\n\t\t\t\t\t\t\t\t\t\t<img decoding=\"async\" src=\"data:image\/gif;base64,R0lGODlhAQABAAD\/ACwAAAAAAQABAAACADs=\" data-wp-bind--hidden=\"context.image.src\" \/>\n\t\t\t\t\t\t\t\t\t<\/figure>\n\t\t\t\t\t\t\t\t\t<div class=\"field-image-option__label-wrapper\">\n\t\t\t\t\t\t\t\t\t\t<span class=\"field-image-option__label-code\" data-wp-text=\"context.image.letterCode\"><\/span>\n\t\t\t\t\t\t\t\t\t\t<span class=\"field-image-option__label\" data-wp-text=\"context.image.label\" data-wp-bind--hidden=\"!context.image.label\"><\/span>\n\t\t\t\t\t\t\t\t\t<\/div>\n\t\t\t\t\t\t\t\t<\/div>\n\t\t\t\t\t\t\t<\/template>\n\t\t\t\t\t\t<\/div>\n\t\t\t\t\t\t<div class=\"field-files\" data-wp-bind--hidden=\"!context.submission.files\">\n\t\t\t\t\t\t\t<template data-wp-each--file=\"context.submission.files\">\n\t\t\t\t\t\t\t\t<div class=\"field-file\">\n\t\t\t\t\t\t\t\t\t<div class=\"field-file__thumbnail\" data-wp-style--background-image=\"context.file.previewUrl\" data-wp-style--mask-image=\"context.file.iconUrl\" data-wp-bind--hidden=\"!context.file.hasPreview\"><\/div>\n\t\t\t\t\t\t\t\t\t<svg class=\"field-file__icon\" data-wp-bind--hidden=\"context.file.hasPreview\" width=\"20\" height=\"20\" viewBox=\"0 0 24 24\" fill=\"none\" xmlns=\"http:\/\/www.w3.org\/2000\/svg\" aria-hidden=\"true\">\n\t\t\t\t\t\t\t\t\t\t<path d=\"M14 2H6C4.9 2 4 2.9 4 4V20C4 21.1 4.89 22 5.99 22H18C19.1 22 20 21.1 20 20V8L14 2ZM18 20H6V4H13V9H18V20Z\" fill=\"currentColor\"\/>\n\t\t\t\t\t\t\t\t\t<\/svg>\n\t\t\t\t\t\t\t\t\t<span class=\"field-file__name\" data-wp-text=\"context.file.name\"><\/span>\n\t\t\t\t\t\t\t\t\t<span class=\"field-file__size\" data-wp-text=\"context.file.size\"><\/span>\n\t\t\t\t\t\t\t\t<\/div>\n\t\t\t\t\t\t\t<\/template>\n\t\t\t\t\t\t<\/div>\n\t\t\t\t\t<\/div>\n\t\t\t\t<\/template><\/div><form action='https:\/\/retreat.wordcamp.org\/2018-soltau\/verhaltenskodex\/'\n\t\t\t\tid='jp-form-2caab8d8112edb15f6b95e8cef10cfe91c6f5119'\n\t\t\t\tmethod='post'\n\t\t\t\tclass='contact-form commentsblock' aria-label=\"Kodex zum Verhalten\"\n\t\t\t\tdata-wp-on--submit=\"actions.onFormSubmit\"\n\t\t\t\tdata-wp-on--reset=\"actions.onFormReset\"\n\t\t\t\tdata-wp-class--submission-success=\"context.submissionSuccess\"\n\t\t\t\tdata-wp-class--is-first-step=\"state.isFirstStep\"\n\t\t\t\tdata-wp-class--is-last-step=\"state.isLastStep\"\n\t\t\t\tdata-wp-class--is-ajax-form=\"context.useAjax\"\n\t\t\t\tnovalidate >\n<input type='hidden' name='jetpack_contact_form_jwt' value='eyJ0eXAiOiJKV1QiLCJhbGciOiJIUzI1NiJ9.eyJlbmNyeXB0ZWRfYXR0cmlidXRlcyI6IkQ4dE90WXh2TjVtL3UvZjgra3JpYWw3V3RvbmwrSnBoSStOVTFST0NLZjEwak9vRy9XNDZFaWY5ZDRDWlloYThNTjc3NkVzQUNVQVk4Wkp2dTJqYWt3MmdGRDVsaXRiMFJRc3hiQndLdmtJOGZTbVBzVklycTdpR1pYWnM0V3VMSGpHVUFhRUljdHVPdFhrZkNTRkxXODNGVlAya1VnSEZOUEo3WmJaZEpzTjA3bFZCNDNWV1ZKY1BJZVlqdHREMlI5RXNac1padnlWNzI2anJFbENOZzlvSnM4UExRUGxaN2tSWVcwcWJCMDlMeThTVTJuQ2t5WitYSE51UUVlSkgxVjY5VlI3QWU4RFExZUljcUQ1M1lmM1hSWnNmelVDd3lueEZtdWVXek92Mzl2ZmUyQWJQTTQzOGVVN280MW9CUDBlaUI4c2d1cjJyb1F6WGp5c3krZ2FpNXhtRHAyWVJpTlhxbGlqSDlXTVJacDV5L2tQQWtlZUQ4ZlphclBWMlVMUEZqVzRZUFd0aDhZMmpUTHFmZXJrRGU3RlJKckExelNiRDc4bFNRMnNpQUVLdFVLaC92MlBPZGRLTmJ4TVRQYzZMdnQ0c3ExbTY4MGRWMndySjdZMTgvR2tyaEhYWDkyd0JIQ3ZqWWhNQmNzY2NIVXFDd0JSUFBtdEdHUVlhWHExc2YrTUg2UkVvRkh0Z1FTWmt3bjRRYVZGK2wyM281UnNCSllzRG1tcUh2RGdFT2d6dGE5c0tmeU9OZFYzdlZuYjYvTUM2NmU3c2hSdHhLUG04QkpvajJod3FGcVIyQ2FKaW8zaE9zSHJrVFMyVzd2SmlyQUF2RVViZnZsZEhBR3VmT0FMUEFXVnNYNzFZQS8wMVFDbFZLa1hkK0h1OVR2cTRETUtqZWUxNWZqRmxlWERoNmhLSkUwSFF2b0RiZWQvVkYwRGRNR1ExQWFKSXpzQkZlWlZEOUZRSnl1ajBXSnNPR3pBSnFJazZHRzlzWE9OVUZlTG1kNGRjU1RGcHBEQkxxcmMyWS9hSWRKQ25EQmc2aGt0RlU5YkM0M0xsQkIrTlRLOUlIbFNqUC96YXBoSmRwSG9TNkFxZ09JajgvRHUxSk5hSEtuZENmT3pPbWpTNDlsb3VRK2VaakxFQUdiMEpBQng3QTc5OVhTY25uM3R6Z1FiMWRvaUFpQ1lUOGwwPSIsImNvbnRlbnQiOiJbY29udGFjdC1maWVsZCBsYWJlbD0nS29tbWVudGFyJyB0eXBlPSd0ZXh0YXJlYScgcmVxdWlyZWQ9JzEnL11bY29udGFjdC1maWVsZCBsYWJlbD0nTmFtZScgdHlwZT0nbmFtZScgcmVxdWlyZWQ9JzAnL11bY29udGFjdC1maWVsZCBsYWJlbD0nRS1NYWlsJyB0eXBlPSdlbWFpbCcgcmVxdWlyZWQ9JzAnL10iLCJoYXNoIjoiMmNhYWI4ZDgxMTJlZGIxNWY2Yjk1ZThjZWYxMGNmZTkxYzZmNTExOSIsInNvdXJjZSI6eyJlbnRyeV90aXRsZSI6IktvZGV4IHp1bSBWZXJoYWx0ZW4iLCJlbnRyeV9wYWdlIjoxLCJzb3VyY2VfaWQiOjI4MCwic291cmNlX3R5cGUiOiJzaW5nbGUiLCJyZXF1ZXN0X3VybCI6Imh0dHBzOi8vcmV0cmVhdC53b3JkY2FtcC5vcmcvMjAxOC1zb2x0YXUvd3AtanNvbi93cC92Mi9wYWdlcy8yODAifSwidmVyc2lvbiI6MiwiY2lwaGVyIjoiYWVzLTI1Ni1nY20ifQ.Dk934EovvSt6WVn9GZEoBhpPo3TcJoEUVjLhGRWqEKU' \/>\n\n<div style=\"\"  data-wp-interactive=\"jetpack\/form\" data-wp-context='{\"fieldId\":\"g280-kommentar\",\"fieldType\":\"textarea\",\"fieldLabel\":\"Kommentar\",\"fieldValue\":\"\",\"fieldPlaceholder\":\"\",\"fieldIsRequired\":\"1\",\"fieldErrorMessage\":\"\",\"fieldExtra\":[],\"formHash\":\"2caab8d8112edb15f6b95e8cef10cfe91c6f5119\"}'  class='grunion-field-textarea-wrap grunion-field-wrap'  data-wp-init='callbacks.initializeField' data-wp-on--jetpack-form-reset='callbacks.initializeField' >\n<label\n\t\t\t\tfor='contact-form-comment-g280-kommentar' class=\"grunion-field-label textarea\" >Kommentar<span class=\"grunion-label-required\" aria-hidden=\"true\">(erforderlich)<\/span><\/label>\n<textarea\n\t\t                style=''\n\t\t                name='g280-kommentar'\n\t\t                id='contact-form-comment-g280-kommentar'\n\t\t                rows='20'\n\t\t\t\t\t\tdata-wp-text='state.getFieldValue'\n\t\t\t\t\t\tdata-wp-on--input='actions.onFieldChange'\n\t\t\t\t\t\tdata-wp-on--blur='actions.onFieldBlur'\n\t\t\t\t\t\tdata-wp-class--has-value='state.hasFieldValue'\n\t\t\t\t\t\taria-describedby='g280-kommentar-textarea-error-message'\n\t\t\t\t\t\tdata-wp-bind--aria-invalid='state.fieldAriaInvalid'\n\t\t\t\t\t\tclass='textarea  grunion-field'  required aria-required='true'><\/textarea>\n \n\t\t\t<div id=\"g280-kommentar-textarea-error\" class=\"contact-form__input-error\" data-wp-class--has-errors=\"state.fieldHasErrors\">\n\t\t\t\t<span class=\"contact-form__warning-icon\" aria-hidden=\"true\">\n\t\t\t\t\t<svg width=\"16\" height=\"16\" viewBox=\"0 0 16 16\" fill=\"none\" xmlns=\"http:\/\/www.w3.org\/2000\/svg\">\n\t\t\t\t\t\t<path d=\"M8.50015 11.6402H7.50015V10.6402H8.50015V11.6402Z\" \/>\n\t\t\t\t\t\t<path d=\"M7.50015 9.64018H8.50015V6.30684H7.50015V9.64018Z\" \/>\n\t\t\t\t\t\t<path fill-rule=\"evenodd\" clip-rule=\"evenodd\" d=\"M6.98331 3.0947C7.42933 2.30177 8.57096 2.30177 9.01698 3.09469L13.8771 11.7349C14.3145 12.5126 13.7525 13.4735 12.8602 13.4735H3.14004C2.24774 13.4735 1.68575 12.5126 2.12321 11.7349L6.98331 3.0947ZM8.14541 3.58496C8.08169 3.47168 7.9186 3.47168 7.85488 3.58496L2.99478 12.2251C2.93229 12.3362 3.01257 12.4735 3.14004 12.4735H12.8602C12.9877 12.4735 13.068 12.3362 13.0055 12.2251L8.14541 3.58496Z\" \/>\n\t\t\t\t\t<\/svg>\n\t\t\t\t<\/span>\n\t\t\t\t<span data-wp-text=\"state.errorMessage\" id=\"g280-kommentar-textarea-error-message\"><\/span>\n\t\t\t<\/div>\n\t<\/div>\n\n<div style=\"\"  data-wp-interactive=\"jetpack\/form\" data-wp-context='{\"fieldId\":\"g280-name\",\"fieldType\":\"name\",\"fieldLabel\":\"Name\",\"fieldValue\":\"\",\"fieldPlaceholder\":\"\",\"fieldIsRequired\":\"\",\"fieldErrorMessage\":\"\",\"fieldExtra\":[],\"formHash\":\"2caab8d8112edb15f6b95e8cef10cfe91c6f5119\"}'  class='grunion-field-name-wrap grunion-field-wrap'  data-wp-init='callbacks.initializeField' data-wp-on--jetpack-form-reset='callbacks.initializeField' >\n<label\n\t\t\t\tfor='g280-name' class=\"grunion-field-label name\" >Name<\/label>\n<input\n\t\t\t\t\ttype='text'\n\t\t\t\t\tname='g280-name'\n\t\t\t\t\tid='g280-name'\n\t\t\t\t\tvalue=''\n\n\t\t\t\t\tdata-wp-bind--aria-invalid='state.fieldAriaInvalid'\n\t\t\t\t\tdata-wp-bind--value='state.getFieldValue'\n\t\t\t\t\taria-describedby='g280-name-text-error-message'\n\t\t\t\t\tdata-wp-on--input='actions.onFieldChange'\n\t\t\t\t\tdata-wp-on--blur='actions.onFieldBlur'\n\t\t\t\t\tdata-wp-class--has-value='state.hasFieldValue'\n\n\t\t\t\t\tclass='name  grunion-field' \n\t\t\t\t\t \/>\n \n\t\t\t<div id=\"g280-name-text-error\" class=\"contact-form__input-error\" data-wp-class--has-errors=\"state.fieldHasErrors\">\n\t\t\t\t<span class=\"contact-form__warning-icon\" aria-hidden=\"true\">\n\t\t\t\t\t<svg width=\"16\" height=\"16\" viewBox=\"0 0 16 16\" fill=\"none\" xmlns=\"http:\/\/www.w3.org\/2000\/svg\">\n\t\t\t\t\t\t<path d=\"M8.50015 11.6402H7.50015V10.6402H8.50015V11.6402Z\" \/>\n\t\t\t\t\t\t<path d=\"M7.50015 9.64018H8.50015V6.30684H7.50015V9.64018Z\" \/>\n\t\t\t\t\t\t<path fill-rule=\"evenodd\" clip-rule=\"evenodd\" d=\"M6.98331 3.0947C7.42933 2.30177 8.57096 2.30177 9.01698 3.09469L13.8771 11.7349C14.3145 12.5126 13.7525 13.4735 12.8602 13.4735H3.14004C2.24774 13.4735 1.68575 12.5126 2.12321 11.7349L6.98331 3.0947ZM8.14541 3.58496C8.08169 3.47168 7.9186 3.47168 7.85488 3.58496L2.99478 12.2251C2.93229 12.3362 3.01257 12.4735 3.14004 12.4735H12.8602C12.9877 12.4735 13.068 12.3362 13.0055 12.2251L8.14541 3.58496Z\" \/>\n\t\t\t\t\t<\/svg>\n\t\t\t\t<\/span>\n\t\t\t\t<span data-wp-text=\"state.errorMessage\" id=\"g280-name-text-error-message\"><\/span>\n\t\t\t<\/div> \n\t<\/div>\n\n<div style=\"\"  data-wp-interactive=\"jetpack\/form\" data-wp-context='{\"fieldId\":\"g280-email\",\"fieldType\":\"email\",\"fieldLabel\":\"E-Mail\",\"fieldValue\":\"\",\"fieldPlaceholder\":\"\",\"fieldIsRequired\":\"\",\"fieldErrorMessage\":\"\",\"fieldExtra\":[],\"formHash\":\"2caab8d8112edb15f6b95e8cef10cfe91c6f5119\"}'  class='grunion-field-email-wrap grunion-field-wrap'  data-wp-init='callbacks.initializeField' data-wp-on--jetpack-form-reset='callbacks.initializeField' >\n<label\n\t\t\t\tfor='g280-email' class=\"grunion-field-label email\" >E-Mail<\/label>\n<input\n\t\t\t\t\ttype='email'\n\t\t\t\t\tname='g280-email'\n\t\t\t\t\tid='g280-email'\n\t\t\t\t\tvalue=''\n\n\t\t\t\t\tdata-wp-bind--aria-invalid='state.fieldAriaInvalid'\n\t\t\t\t\tdata-wp-bind--value='state.getFieldValue'\n\t\t\t\t\taria-describedby='g280-email-email-error-message'\n\t\t\t\t\tdata-wp-on--input='actions.onFieldChange'\n\t\t\t\t\tdata-wp-on--blur='actions.onFieldBlur'\n\t\t\t\t\tdata-wp-class--has-value='state.hasFieldValue'\n\n\t\t\t\t\tclass='email  grunion-field' \n\t\t\t\t\t \/>\n \n\t\t\t<div id=\"g280-email-email-error\" class=\"contact-form__input-error\" data-wp-class--has-errors=\"state.fieldHasErrors\">\n\t\t\t\t<span class=\"contact-form__warning-icon\" aria-hidden=\"true\">\n\t\t\t\t\t<svg width=\"16\" height=\"16\" viewBox=\"0 0 16 16\" fill=\"none\" xmlns=\"http:\/\/www.w3.org\/2000\/svg\">\n\t\t\t\t\t\t<path d=\"M8.50015 11.6402H7.50015V10.6402H8.50015V11.6402Z\" \/>\n\t\t\t\t\t\t<path d=\"M7.50015 9.64018H8.50015V6.30684H7.50015V9.64018Z\" \/>\n\t\t\t\t\t\t<path fill-rule=\"evenodd\" clip-rule=\"evenodd\" d=\"M6.98331 3.0947C7.42933 2.30177 8.57096 2.30177 9.01698 3.09469L13.8771 11.7349C14.3145 12.5126 13.7525 13.4735 12.8602 13.4735H3.14004C2.24774 13.4735 1.68575 12.5126 2.12321 11.7349L6.98331 3.0947ZM8.14541 3.58496C8.08169 3.47168 7.9186 3.47168 7.85488 3.58496L2.99478 12.2251C2.93229 12.3362 3.01257 12.4735 3.14004 12.4735H12.8602C12.9877 12.4735 13.068 12.3362 13.0055 12.2251L8.14541 3.58496Z\" \/>\n\t\t\t\t\t<\/svg>\n\t\t\t\t<\/span>\n\t\t\t\t<span data-wp-text=\"state.errorMessage\" id=\"g280-email-email-error-message\"><\/span>\n\t\t\t<\/div> \n\t<\/div>\n\t<p class='contact-submit'>\n<div class=\"contact-form__error\" data-wp-class--show-errors=\"state.showFormErrors\"><span class=\"contact-form__warning-icon\" aria-hidden=\"true\"><i><\/i><\/span><span class=\"contact-form__error-message\" tabindex=\"-1\" data-wp-watch=\"callbacks.focusOnValidationError\" data-wp-text=\"state.getFormErrorMessage\"><\/span><ul aria-label=\"Form errors\">\n\t\t\t\t<template data-wp-each=\"state.getErrorList\" data-wp-key=\"context.item.id\">\n\t\t\t\t\t<li><a data-wp-bind--href=\"context.item.anchor\" data-wp-on--click=\"actions.scrollIntoView\" data-wp-text=\"context.item.label\"><\/a><\/li>\n\t\t\t\t<\/template>\n\t\t\t\t<\/ul><\/div><div class=\"contact-form__error\" data-wp-class--show-errors=\"state.showSubmissionError\" data-wp-text=\"context.submissionError\" tabindex=\"-1\" data-wp-watch=\"callbacks.focusOnSubmissionError\"><\/div>\t\t<button type='submit' class='pushbutton-wide'>Senden<\/button>\t\t<input type='hidden' name='contact-form-id' value='280' \/>\n\t\t<input type='hidden' name='action' value='grunion-contact-form' \/>\n\t\t<input type='hidden' name='contact-form-hash' value='2caab8d8112edb15f6b95e8cef10cfe91c6f5119' \/>\n\t<\/p>\n<p style=\"display: none !important;\" class=\"akismet-fields-container\" data-prefix=\"ak_\"><label>&#916;<textarea name=\"ak_hp_textarea\" cols=\"45\" rows=\"8\" maxlength=\"100\"><\/textarea><\/label><input type=\"hidden\" id=\"ak_js_1\" name=\"ak_js\" value=\"58\"\/><script>\ndocument.getElementById( \"ak_js_1\" ).setAttribute( \"value\", ( new Date() ).getTime() );\n<\/script>\n<\/p><\/form>\n<\/div>\n<div id=\"selenium-highlight\"><\/div>\n","protected":false},"excerpt":{"rendered":"<p>Wenn du hier bist, um etwas zu melden, wor\u00fcber du besorgt bist, f\u00fclle das Formular aus und wir werden uns darum k\u00fcmmern. Zielsetzung Das WordCamp Retreat Soltau hat es sich als ein wichtiges Ziel gesetzt, die gr\u00f6\u00dftm\u00f6gliche Anzahl an Beitragenden mit den vielf\u00e4ltigsten und unterschiedlichsten Hintergr\u00fcnden einzubeziehen. Wir sehen es als unsere Aufgabe, eine freundliche, &hellip; <\/p>\n<p class=\"link-more\"><a href=\"https:\/\/retreat.wordcamp.org\/2018-soltau\/verhaltenskodex\/\" class=\"more-link\"><span class=\"screen-reader-text\">\u201eKodex zum Verhalten\u201c<\/span> weiterlesen<\/a><\/p>\n","protected":false},"author":14244452,"featured_media":0,"parent":0,"menu_order":0,"comment_status":"closed","ping_status":"closed","template":"","meta":{"jetpack_post_was_ever_published":false,"footnotes":""},"class_list":["post-280","page","type-page","status-publish","hentry"],"jetpack_sharing_enabled":true,"jetpack_shortlink":"https:\/\/wp.me\/P8IlmE-4w","_links":{"self":[{"href":"https:\/\/retreat.wordcamp.org\/2018-soltau\/wp-json\/wp\/v2\/pages\/280","targetHints":{"allow":["GET"]}}],"collection":[{"href":"https:\/\/retreat.wordcamp.org\/2018-soltau\/wp-json\/wp\/v2\/pages"}],"about":[{"href":"https:\/\/retreat.wordcamp.org\/2018-soltau\/wp-json\/wp\/v2\/types\/page"}],"author":[{"embeddable":true,"href":"https:\/\/retreat.wordcamp.org\/2018-soltau\/wp-json\/wp\/v2\/users\/14244452"}],"replies":[{"embeddable":true,"href":"https:\/\/retreat.wordcamp.org\/2018-soltau\/wp-json\/wp\/v2\/comments?post=280"}],"version-history":[{"count":17,"href":"https:\/\/retreat.wordcamp.org\/2018-soltau\/wp-json\/wp\/v2\/pages\/280\/revisions"}],"predecessor-version":[{"id":4974,"href":"https:\/\/retreat.wordcamp.org\/2018-soltau\/wp-json\/wp\/v2\/pages\/280\/revisions\/4974"}],"wp:attachment":[{"href":"https:\/\/retreat.wordcamp.org\/2018-soltau\/wp-json\/wp\/v2\/media?parent=280"}],"curies":[{"name":"wp","href":"https:\/\/api.w.org\/{rel}","templated":true}]}}