{"id":278,"date":"2017-06-14T16:33:12","date_gmt":"2017-06-14T14:33:12","guid":{"rendered":"https:\/\/2018-soltau.retreat.wordcamp.org\/?page_id=278"},"modified":"2017-11-23T09:09:40","modified_gmt":"2017-11-23T08:09:40","slug":"richtlinien","status":"publish","type":"page","link":"https:\/\/retreat.wordcamp.org\/2018-soltau\/richtlinien\/","title":{"rendered":"Richtlinien"},"content":{"rendered":"<h2>Vereinbarung zwischen WordCamp-Veranstaltern, Referentinnen, Sponsoren und Freiwilligen<\/h2>\n<ol>\n<li>Mir ist bewusst, dass WordCamps durch Live-Veranstaltungen die lokale WordPress-Community f\u00f6rdern sollen. Das Teilen von Online-Videos und anderer Materialien soll ebenfalls die Community unterst\u00fctzen.<\/li>\n<li>Ich wei\u00df, dass ein WordCamp eine ungezwungene, lokale und ehrenamtlich organisierte Veranstaltung ist, die sich auf WordPress konzentriert und die lokale WordPress-Community widerspiegelt, die es verk\u00f6rpert.<\/li>\n<li>Mir ist bewusst, dass von WordCamp-OrganisatorInnen, ReferentInnen, Sponsoren und Freiwilligen erwartet wird, dass sie das WordPress-Projekt und dessen Grunds\u00e4tze unterst\u00fctzen.<\/li>\n<li>Ich respektiere die Grunds\u00e4tze des WordPress-Projekts, die wie folgt lauten:\n<ul>\n<li>Keine Diskriminierung auf Grundlage von wirtschaftlichem oder sozialem Status, Rasse, Hautfarbe, ethnischer Herkunft, Nationalit\u00e4t, Glauben, Religion, politischer \u00dcberzeugung, Geschlecht, sexueller Orientierung, Familienstand, Alter oder Behinderung<\/li>\n<li>Keine Anstiftung zur Gewalt oder F\u00f6rderung des Hasses<\/li>\n<li>Keine Spammer<\/li>\n<li>Respektieren der Marke WordPress<\/li>\n<li>\u00dcbernahme der WordPress-Lizenz. Beim Vertrieb von aus WordPress abgeleiteten Werken (Themes, Plugins, WP-Distributionen), sollte jede Person \/ jedes Unternehmen, welches offiziell mit dem WordCamp assoziiert ist, ihren Nutzern die gleichen Freiheiten einr\u00e4umen, die WordPress selbst gew\u00e4hrt: 100 % GPL oder eine kompatible Lizenz, die gleichen Richtlinien, denen wir auf WordPress.org folgen.<\/li>\n<li>keine F\u00f6rderung von Unternehmen oder Personen, die von WordPress abgeleitete Werke verbreiten, die nicht 100 % GPL kompatibel sind.<\/li>\n<\/ul>\n<\/li>\n<li>Ich erkenne an, dass WordCamps nicht-profitorientierte Veranstaltungen sind, die mit Budget- und Finanzierungstransparenz ausgerichtet werden.<\/li>\n<li>Ich stimme zu, dass WordCamps so vielen Menschen wie m\u00f6glich zug\u00e4nglich sein sollen, unabh\u00e4ngig von deren finanzieller Situation.<\/li>\n<li>Ich best\u00e4tige, dass ich kein\/e MitarbeiterIn der WordPress Foundation bin und am WordCamp ausschlie\u00dflich als Freiwillige\/r teilnehme.<\/li>\n<\/ol>\n<h4>Die \u00dcbersetzung wurde vom WordCamp Hamburg 2014 Team erstellt, Quelle:<\/h4>\n<ul>\n<li><a href=\"http:\/\/2014.hamburg.wordcamp.org\/ueber\/wordcamp-guidelines\/\">http:\/\/2014.hamburg.wordcamp.org\/ueber\/wordcamp-guidelines\/<\/a><\/li>\n<li><a href=\"http:\/\/plan.wordcamp.org\/agreement-among-wordcamp-organizers-speakers-sponsors-and-volunteers\/\">http:\/\/plan.wordcamp.org\/agreement-among-wordcamp-organizers-speakers-sponsors-and-volunteers\/<\/a><\/li>\n<\/ul>\n<div class=\"english-link\"><a href=\"https:\/\/2018-soltau.retreat.wordcamp.org\/4-5-6-may\/\">\/\/ This page in English <\/a><\/div>\n","protected":false},"excerpt":{"rendered":"<p>Vereinbarung zwischen WordCamp-Veranstaltern, Referentinnen, Sponsoren und Freiwilligen Mir ist bewusst, dass WordCamps durch Live-Veranstaltungen die lokale WordPress-Community f\u00f6rdern sollen. Das Teilen von Online-Videos und anderer Materialien soll ebenfalls die Community unterst\u00fctzen. Ich wei\u00df, dass ein WordCamp eine ungezwungene, lokale und ehrenamtlich organisierte Veranstaltung ist, die sich auf WordPress konzentriert und die lokale WordPress-Community widerspiegelt, die &hellip; <\/p>\n<p class=\"link-more\"><a href=\"https:\/\/retreat.wordcamp.org\/2018-soltau\/richtlinien\/\" class=\"more-link\"><span class=\"screen-reader-text\">\u201eRichtlinien\u201c<\/span> weiterlesen<\/a><\/p>\n","protected":false},"author":14244452,"featured_media":0,"parent":0,"menu_order":0,"comment_status":"closed","ping_status":"closed","template":"","meta":{"jetpack_post_was_ever_published":false,"footnotes":""},"class_list":["post-278","page","type-page","status-publish","hentry"],"jetpack_sharing_enabled":true,"jetpack_shortlink":"https:\/\/wp.me\/P8IlmE-4u","_links":{"self":[{"href":"https:\/\/retreat.wordcamp.org\/2018-soltau\/wp-json\/wp\/v2\/pages\/278","targetHints":{"allow":["GET"]}}],"collection":[{"href":"https:\/\/retreat.wordcamp.org\/2018-soltau\/wp-json\/wp\/v2\/pages"}],"about":[{"href":"https:\/\/retreat.wordcamp.org\/2018-soltau\/wp-json\/wp\/v2\/types\/page"}],"author":[{"embeddable":true,"href":"https:\/\/retreat.wordcamp.org\/2018-soltau\/wp-json\/wp\/v2\/users\/14244452"}],"replies":[{"embeddable":true,"href":"https:\/\/retreat.wordcamp.org\/2018-soltau\/wp-json\/wp\/v2\/comments?post=278"}],"version-history":[{"count":7,"href":"https:\/\/retreat.wordcamp.org\/2018-soltau\/wp-json\/wp\/v2\/pages\/278\/revisions"}],"predecessor-version":[{"id":1072,"href":"https:\/\/retreat.wordcamp.org\/2018-soltau\/wp-json\/wp\/v2\/pages\/278\/revisions\/1072"}],"wp:attachment":[{"href":"https:\/\/retreat.wordcamp.org\/2018-soltau\/wp-json\/wp\/v2\/media?parent=278"}],"curies":[{"name":"wp","href":"https:\/\/api.w.org\/{rel}","templated":true}]}}