{"id":274,"date":"2017-06-14T16:24:57","date_gmt":"2017-06-14T14:24:57","guid":{"rendered":"https:\/\/2018-soltau.retreat.wordcamp.org\/?page_id=274"},"modified":"2017-07-18T13:20:15","modified_gmt":"2017-07-18T11:20:15","slug":"orga-team","status":"publish","type":"page","link":"https:\/\/retreat.wordcamp.org\/2018-soltau\/orga-team\/","title":{"rendered":"Engagiert f\u00fcr WordPress-Community"},"content":{"rendered":"<h4>Das Orga-Team<\/h4>\n<h4><span style=\"font-size: 1rem;font-weight: 400\">Diese WordCamp-Idee entstand auf den WordCamps in N\u00fcrnberg und Frankfurt. F\u00fcr die Organisation begeistern sich diese WordPress-Fans:<\/span><\/h4>\n<hr \/>\n\t<div class=\"wcorg-organizers\">\n\n\t\t\n\t\t\t<div class=\"wcorg-organizer\">\n\t\t\t\t<h2>Sven Wagener<\/h2>\n\t\t\t\t<div class=\"wcorg-organizer-description\">\n\t\t\t\t\t\t\t\t\t\t<img alt='' src='https:\/\/secure.gravatar.com\/avatar\/d910fdd7595ec843abbd6e3977b31c74c60f2115eb0a4766022b7d137ec21814?s=100&#038;d=mm&#038;r=g' srcset='https:\/\/secure.gravatar.com\/avatar\/d910fdd7595ec843abbd6e3977b31c74c60f2115eb0a4766022b7d137ec21814?s=200&#038;d=mm&#038;r=g 2x' class='avatar avatar-100 photo' height='100' width='100' \/>\t\t\t\t\t<h4>Leidenschaftlicher WordPress-Fan<\/h4>\n<hr \/>\n<p>Sven ist Gesch\u00e4ftsleiter der Awesome UG, welche sich mit der Entwicklung von Plugins und der Betreuung von WordPress Webseiten besch\u00e4ftigt. Seit dem Jahr 2008 ist er leidenschaftlicher WordPress-Fan und engagiert sich unter anderem im CMS Garden.<\/p>\n<hr \/>\n<p>&nbsp;<\/p>\n\t\t\t\t<\/div>\n\t\t\t<\/div>\n\n\t\t\n\t\t\t<div class=\"wcorg-organizer\">\n\t\t\t\t<h2>Carole Olinger<\/h2>\n\t\t\t\t<div class=\"wcorg-organizer-description\">\n\t\t\t\t\t\t\t\t\t\t<img alt='' src='https:\/\/secure.gravatar.com\/avatar\/9174c32707feb7ef28e5fdf3c765522b045f6f926b2de4075e315662e6dd71b9?s=100&#038;d=mm&#038;r=g' srcset='https:\/\/secure.gravatar.com\/avatar\/9174c32707feb7ef28e5fdf3c765522b045f6f926b2de4075e315662e6dd71b9?s=200&#038;d=mm&#038;r=g 2x' class='avatar avatar-100 photo' height='100' width='100' \/>\t\t\t\t\t<h4>WordPress Community-Junkie<\/h4>\n<hr \/>\n<p>Carole ist WordPress Community-Managerin f\u00fcr <a href=\"https:\/\/www.plesk.com\/\" target=\"_blank\" rel=\"noopener nofollow\">Plesk.<\/a>\u00a0Die geb\u00fcrtige Luxemburgerin wohnt in der deutschen Eifel. Nach ihrem Ausstieg aus dem Beamtenleben befand sie sich drei Jahre in einer beruflichen und pers\u00f6nlichen \u201eFindungsphase\u201c und probierte sich in Webseitengestaltung, Content Writing &amp; Management aus.<\/p>\n<p>Als passionierte WordCamp Teilnehmerin, freiwillige Helferin und Referentin mutierte sie in k\u00fcrzester Zeit zum WordPress Community-Junkie: sie ist inzwischen aktiv in der Planung verschiedener WordCamps (<a href=\"https:\/\/2017.cologne.wordcamp.org\">#WCCGN<\/a>, <a href=\"https:\/\/2018-soltau.retreat.wordcamp.org\/\">#WCRetreat<\/a> und <a href=\"https:\/\/2018.europe.wordcamp.org\/\">#WCEU<\/a>) und des <a href=\"https:\/\/www.meetup.com\/it-IT\/Eifel-WordPress-Meetup\/\" target=\"_blank\" rel=\"noopener\">WordPress Meetups Eifel<\/a>.<\/p>\n<hr \/>\n<p>&nbsp;<\/p>\n\t\t\t\t<\/div>\n\t\t\t<\/div>\n\n\t\t\n\t\t\t<div class=\"wcorg-organizer\">\n\t\t\t\t<h2>Detlef Heese<\/h2>\n\t\t\t\t<div class=\"wcorg-organizer-description\">\n\t\t\t\t\t\t\t\t\t\t<img alt='' src='https:\/\/secure.gravatar.com\/avatar\/731009211a20c6776fd32e2e9fc063a920d7fa8b661cfa843ec6c32c0e807fb7?s=100&#038;d=mm&#038;r=g' srcset='https:\/\/secure.gravatar.com\/avatar\/731009211a20c6776fd32e2e9fc063a920d7fa8b661cfa843ec6c32c0e807fb7?s=200&#038;d=mm&#038;r=g 2x' class='avatar avatar-100 photo' height='100' width='100' \/>\t\t\t\t\t<h4>Ohne Design versteht niemand den Code<\/h4>\n<hr \/>\n<p>Detlef studierte Fotografie-Design an der FH Dortmund. Mit der\u00a0Ella-Version begann seine WordPress-Begeisterung. Mit dem ersten WordCamp Europe in Leiden stieg sein Engagement in die WordPress-Community. Detlef\u00a0ist Initiator des\u00a0<a href=\"https:\/\/www.meetup.com\/de-DE\/wpmeetup-osnabrueck\/\" target=\"_blank\" rel=\"noopener noreferrer\">Meetups in Osnabr\u00fcck-M\u00fcnster.<\/a><\/p>\n<p>Vor f\u00fcnf Jahren gr\u00fcndete er mit Julia Amelung die Osnabr\u00fccker Grafikdesign-Agentur <a href=\"https:\/\/hasegold.de\">HASEGOLD<\/a>, die auch unseren WordCamp-Retreat Auftritt gestaltet.<\/p>\n<hr \/>\n<p>&nbsp;<\/p>\n\t\t\t\t<\/div>\n\t\t\t<\/div>\n\n\t\t\n\t\t\t<div class=\"wcorg-organizer\">\n\t\t\t\t<h2>Marc Nilius<\/h2>\n\t\t\t\t<div class=\"wcorg-organizer-description\">\n\t\t\t\t\t\t\t\t\t\t<img alt='' src='https:\/\/secure.gravatar.com\/avatar\/10bfe8375959897dc480fb17e684e35a73f73870eb4e7f9b67ebb5b5ef29cab8?s=100&#038;d=mm&#038;r=g' srcset='https:\/\/secure.gravatar.com\/avatar\/10bfe8375959897dc480fb17e684e35a73f73870eb4e7f9b67ebb5b5ef29cab8?s=200&#038;d=mm&#038;r=g 2x' class='avatar avatar-100 photo' height='100' width='100' \/>\t\t\t\t\t<h4>Mit gro\u00dfer Sicherheit dabei<\/h4>\n<hr \/>\n<p>Marc ist Diplom-Informatiker und seit mehr als 15 Jahren Web-Developer. Schon vor 10 Jahren hat er WordPress eingesetzt. Seit 2015 k\u00fcmmert er sich haupts\u00e4chlich um die Themengebiete <a href=\"https:\/\/www.wp-wartung24.de\/\">Sicherheit und technische Wartung<\/a> und verwaltet mittlerweile \u00fcber 50 Websites f\u00fcr seine Kunden.<\/p>\n<hr \/>\n<p>&nbsp;<\/p>\n\t\t\t\t<\/div>\n\t\t\t<\/div>\n\n\t\t\n\t\t\t<div class=\"wcorg-organizer\">\n\t\t\t\t<h2>Frank Neumann-Staude<\/h2>\n\t\t\t\t<div class=\"wcorg-organizer-description\">\n\t\t\t\t\t\t\t\t\t\t<img alt='' src='https:\/\/secure.gravatar.com\/avatar\/8bad497168f3b1b06b2ff87c2896277ff8e17bb37b387d9aec4c1c0a063495e6?s=100&#038;d=mm&#038;r=g' srcset='https:\/\/secure.gravatar.com\/avatar\/8bad497168f3b1b06b2ff87c2896277ff8e17bb37b387d9aec4c1c0a063495e6?s=200&#038;d=mm&#038;r=g 2x' class='avatar avatar-100 photo' height='100' width='100' \/>\t\t\t\t\t<h4>Ein Mann lebt WordPress<\/h4>\n<hr \/>\n<p>Tags\u00fcber als Pluginprogrammierer f\u00fcr WordPress beim Comenius Institut. Nachts als Moderator im Forum auf WordPress.org, General Translation Editor, Meetup Gr\u00fcnder und Organisator, WordCamp Organisator und Pluginprogrammierer. Er hat verschiedene Meetups und Usergroups ins Leben gerufen. Spricht auf WordCamps und BarCamps \u00fcber WordPress und anderes. Hat einen Internetprovider mit aufgebaut und ist Mitgr\u00fcnder von AdminPress.<\/p>\n<hr \/>\n<p>&nbsp;<\/p>\n\t\t\t\t<\/div>\n\t\t\t<\/div>\n\n\t\t\n\t\t\t<div class=\"wcorg-organizer\">\n\t\t\t\t<h2>Thomas Br\u00fchl<\/h2>\n\t\t\t\t<div class=\"wcorg-organizer-description\">\n\t\t\t\t\t\t\t\t\t\t<img alt='' src='https:\/\/secure.gravatar.com\/avatar\/55f2188ca0c42f9f62b562fbf9747c54f088782ce3af48cf6db567bc53428ac0?s=100&#038;d=mm&#038;r=g' srcset='https:\/\/secure.gravatar.com\/avatar\/55f2188ca0c42f9f62b562fbf9747c54f088782ce3af48cf6db567bc53428ac0?s=200&#038;d=mm&#038;r=g 2x' class='avatar avatar-100 photo' height='100' width='100' \/>\t\t\t\t\t<h4>Kaum ein WordCamp verschlafen<\/h4>\n<hr \/>\n<p>Thomas ist hauptberuflich im IT-Bereich einer Versicherung als IT-Security Officer t\u00e4tig. Nebenbei k\u00fcmmert er sich um eine steigende Anzahl WordPress Installationen. Mit WordPress angefangen hat er 2004 mit seinem Blog\u00a0<a href=\"https:\/\/her.ein.de\/\">her.ein.de<\/a>\u00a0und der Version 1.2 (Mingus).<\/p>\n<p>Er ist einer der Organisatoren des\u00a0<a href=\"http:\/\/wpcgn.de\/\">WordPress Meetup K\u00f6ln<\/a>\u00a0und einer der\u00a0<a href=\"https:\/\/make.wordpress.org\/community\/\">WordCamp Central Deputys<\/a>\u00a0f\u00fcr Europa.<\/p>\n<hr \/>\n<p>&nbsp;<\/p>\n\t\t\t\t<\/div>\n\t\t\t<\/div>\n\n\t\t\n\t\t\t<div class=\"wcorg-organizer\">\n\t\t\t\t<h2>Udo Meisen<\/h2>\n\t\t\t\t<div class=\"wcorg-organizer-description\">\n\t\t\t\t\t\t\t\t\t\t<img alt='' src='https:\/\/secure.gravatar.com\/avatar\/557ff9519cb648e09929cff16fd6ab735943f9372b01f0dc7caa4b744444be49?s=100&#038;d=mm&#038;r=g' srcset='https:\/\/secure.gravatar.com\/avatar\/557ff9519cb648e09929cff16fd6ab735943f9372b01f0dc7caa4b744444be49?s=200&#038;d=mm&#038;r=g 2x' class='avatar avatar-100 photo' height='100' width='100' \/>\t\t\t\t\t<h4>Einfach immer Recht<\/h4>\n<hr \/>\n<p>Udo arbeitet als Online-Redakteur f\u00fcr <a href=\"https:\/\/www.praetor.xyz\">juristische Informationsportale<\/a> st\u00e4ndig mit WordPress und hat das CMS seit 2005 in den verschiedensten Einsatzszenarios sch\u00e4tzen gelernt.<\/p>\n<p>Er ist einer der Co-Organisatoren des WordPress <a href=\"https:\/\/wpbn.de\/\" target=\"_blank\" rel=\"noopener\">Meetup Bonn<\/a> sowie des WordPress<a href=\"http:\/\/wpcgn.de\/\"> Meetup K\u00f6ln<\/a>.<\/p>\n<hr \/>\n<p>&nbsp;<\/p>\n\t\t\t\t<\/div>\n\t\t\t<\/div>\n\n\t\t\n\t\t\t<div class=\"wcorg-organizer\">\n\t\t\t\t<h2>Ulf Sch\u00f6nefeld<\/h2>\n\t\t\t\t<div class=\"wcorg-organizer-description\">\n\t\t\t\t\t\t\t\t\t\t<img alt='' src='https:\/\/secure.gravatar.com\/avatar\/c76eaea9855564c9a93166342e9a8dc8dcec5b049a14bfe80418a8f65db243f0?s=100&#038;d=mm&#038;r=g' srcset='https:\/\/secure.gravatar.com\/avatar\/c76eaea9855564c9a93166342e9a8dc8dcec5b049a14bfe80418a8f65db243f0?s=200&#038;d=mm&#038;r=g 2x' class='avatar avatar-100 photo' height='100' width='100' \/>\t\t\t\t\t<h4>Mit WordPress shoppen gehen<\/h4>\n<hr \/>\n<p>Ulf Sch\u00f6nefeld ist Diplom-Wirtschaftsinformatiker (FH) und seit sechzehn Jahren als Unternehmensberater und Projekt Manager bei Energieversorgungsunternehmen (EVU) t\u00e4tig. Seit 2014 ist er als freiberuflicher Projekt Manager im Einsatz und k\u00fcmmert sich dar\u00fcber hinaus um die Themengebiete eCommerce und technische Wartung im WordPress- und WooCommerce-Umfeld. Seit dem ersten WordCamp in N\u00fcrnberg stieg sein Engagement in die WordPress-Community. Ulf ist Co-Organisator des WP- &amp; Woo-Meetups in N\u00fcrnberg.<\/p>\n<hr \/>\n<p>&nbsp;<\/p>\n\t\t\t\t<\/div>\n\t\t\t<\/div>\n\n\t\t\n\t\t\t<div class=\"wcorg-organizer\">\n\t\t\t\t<h2>Matthias Kurz<\/h2>\n\t\t\t\t<div class=\"wcorg-organizer-description\">\n\t\t\t\t\t\t\t\t\t\t<img alt='' src='https:\/\/secure.gravatar.com\/avatar\/b93a8cdf901edb0712ed132a6da23a7a54926c61db626c9467c8e69e5e91013e?s=100&#038;d=mm&#038;r=g' srcset='https:\/\/secure.gravatar.com\/avatar\/b93a8cdf901edb0712ed132a6da23a7a54926c61db626c9467c8e69e5e91013e?s=200&#038;d=mm&#038;r=g 2x' class='avatar avatar-100 photo' height='100' width='100' \/>\t\t\t\t\t<h4>Niemand kommt zu Kurz<\/h4>\n<hr \/>\n<p>Nach seiner Ausbildung ist der geborenen Saarl\u00e4nder als IT-Manager und Ausbilder f\u00fcr eine Gruppe von K\u00f6lner Werbe- und Kommunikationsagenturen t\u00e4tig. Seine beruflichen Schwerpunkte liegen in den Bereichen der Linux Systemadministration und IT-Sicherheit.<\/p>\n<p>Mit WordPress kam Matthias im Jahr 2007 als Technik-Blog- Redakteur in Ber\u00fchrung. Anfang 2016 ist er auf die WordPress Community aufmerksam geworden und engagiert sich mittlerweile in der Organisation der Meetups <a href=\"https:\/\/www.meetup.com\/de-DE\/WordPress-Meetup-Bonn-wpbn\/\">Bonn<\/a> und <a href=\"https:\/\/www.meetup.com\/de-DE\/WordPress-Meetup-Koblenz\/\">Koblenz<\/a>\u00a0sowie von WordCamps in <a href=\"https:\/\/2017.bern.wordcamp.org\/\">Bern<\/a>, <a href=\"https:\/\/2017.cologne.wordcamp.org\/\">K\u00f6ln<\/a> und hier in Soltau.<\/p>\n<p>Mit <a href=\"https:\/\/wp-projects.de\" rel=\"nofollow\">WP-Projects<\/a> bietet er seinen Kunden professionelle und individuell zugeschnittene Hosting-Dienstleistungen sowie technischen Support rund um WordPress an.<\/p>\n\t\t\t\t<\/div>\n\t\t\t<\/div>\n\n\t\t\n\t\t\t<div class=\"wcorg-organizer\">\n\t\t\t\t<h2>Bas Brader<\/h2>\n\t\t\t\t<div class=\"wcorg-organizer-description\">\n\t\t\t\t\t\t\t\t\t\t<img alt='' src='https:\/\/secure.gravatar.com\/avatar\/550838c115c0bce885aa26cf5e8b9db15448f0de80d852cdea54c9dba8e388ff?s=100&#038;d=mm&#038;r=g' srcset='https:\/\/secure.gravatar.com\/avatar\/550838c115c0bce885aa26cf5e8b9db15448f0de80d852cdea54c9dba8e388ff?s=200&#038;d=mm&#038;r=g 2x' class='avatar avatar-100 photo' height='100' width='100' \/>\t\t\t\t\t<h4>WordPress Support vom Feinsten<\/h4>\n<hr \/>\n<p>Bas ist Customer Support Spezialist bei <a href=\"https:\/\/savvii.de\">Savvii<\/a> Managed WordPress Hosting. Er besch\u00e4ftigt sich neben dem Support auch mit ISO 9001 und 27001, und der neuen DSGVO.<\/p>\n<p>Als leidenschaftlicher <a href=\"https:\/\/www.basbrader.com\">Fotograf<\/a> arbeitet er schon seit 10 Jahre mit WordPress, und engagiert sich in der Organisation von verschiedenen WordCamps.<\/p>\n<hr \/>\n<p>&nbsp;<\/p>\n\t\t\t\t<\/div>\n\t\t\t<\/div>\n\n\t\t\n\t<\/div><!-- .wcorg-organizers -->\n\t\n<hr \/>\n<p><a href=\"https:\/\/2018-soltau.retreat.wordcamp.org\/organizers\/\">Diese Seite auf Englisch<\/a><\/p>\n","protected":false},"excerpt":{"rendered":"<p>Das Orga-Team Diese WordCamp-Idee entstand auf den WordCamps in N\u00fcrnberg und Frankfurt. F\u00fcr die Organisation begeistern sich diese WordPress-Fans: Diese Seite auf Englisch<\/p>\n","protected":false},"author":14244452,"featured_media":0,"parent":0,"menu_order":0,"comment_status":"closed","ping_status":"closed","template":"","meta":{"jetpack_post_was_ever_published":false,"footnotes":""},"class_list":["post-274","page","type-page","status-publish","hentry"],"jetpack_sharing_enabled":true,"jetpack_shortlink":"https:\/\/wp.me\/P8IlmE-4q","_links":{"self":[{"href":"https:\/\/retreat.wordcamp.org\/2018-soltau\/wp-json\/wp\/v2\/pages\/274","targetHints":{"allow":["GET"]}}],"collection":[{"href":"https:\/\/retreat.wordcamp.org\/2018-soltau\/wp-json\/wp\/v2\/pages"}],"about":[{"href":"https:\/\/retreat.wordcamp.org\/2018-soltau\/wp-json\/wp\/v2\/types\/page"}],"author":[{"embeddable":true,"href":"https:\/\/retreat.wordcamp.org\/2018-soltau\/wp-json\/wp\/v2\/users\/14244452"}],"replies":[{"embeddable":true,"href":"https:\/\/retreat.wordcamp.org\/2018-soltau\/wp-json\/wp\/v2\/comments?post=274"}],"version-history":[{"count":8,"href":"https:\/\/retreat.wordcamp.org\/2018-soltau\/wp-json\/wp\/v2\/pages\/274\/revisions"}],"predecessor-version":[{"id":709,"href":"https:\/\/retreat.wordcamp.org\/2018-soltau\/wp-json\/wp\/v2\/pages\/274\/revisions\/709"}],"wp:attachment":[{"href":"https:\/\/retreat.wordcamp.org\/2018-soltau\/wp-json\/wp\/v2\/media?parent=274"}],"curies":[{"name":"wp","href":"https:\/\/api.w.org\/{rel}","templated":true}]}}