{"id":11,"date":"2017-05-09T06:39:44","date_gmt":"2017-05-09T06:39:44","guid":{"rendered":"https:\/\/2018-soltau.retreat.wordcamp.org\/location\/"},"modified":"2017-11-23T09:11:36","modified_gmt":"2017-11-23T08:11:36","slug":"location","status":"publish","type":"page","link":"https:\/\/retreat.wordcamp.org\/2018-soltau\/location\/","title":{"rendered":"ALLE ZUSAMMEN AN EINEM ORT"},"content":{"rendered":"<p>WordCamp, Events, Freizeitgestaltung, Verpflegung und \u00dcbernachtung \u2013\u00a0Mit Deinem Ticket buchst Du die \u00dcbernachtungen im Zimmer Deiner Wahl gleich mit und brauchst Dich um nichts mehr zu k\u00fcmmern.\u00a0Dein Zimmer bezahlst Du dann direkt vor Ort.<br \/>\nDie komplette Verpflegung \u00fcber 3 Tage ist im Ticket-Preis inklusive!<\/p>\n<p><strong>Das Hotel steht uns f\u00fcr den Zeitraum vom 4. bis 6. Mai 2018 exklusiv zur Verf\u00fcgung, d. h. es wird neben der WordPress Community keine anderen G\u00e4ste geben.<\/strong><\/p>\n<hr \/>\n<p><img loading=\"lazy\" decoding=\"async\" class=\"aligncenter wp-image-313 size-large\" src=\"https:\/\/2018-soltau.retreat.wordcamp.org\/files\/2017\/06\/Slider_Eingang_575-1024x400.jpg\" alt=\"\" width=\"525\" height=\"205\" srcset=\"https:\/\/retreat.wordcamp.org\/2018-soltau\/files\/2017\/06\/Slider_Eingang_575.jpg 1024w, https:\/\/retreat.wordcamp.org\/2018-soltau\/files\/2017\/06\/Slider_Eingang_575-300x117.jpg 300w, https:\/\/retreat.wordcamp.org\/2018-soltau\/files\/2017\/06\/Slider_Eingang_575-768x300.jpg 768w, https:\/\/retreat.wordcamp.org\/2018-soltau\/files\/2017\/06\/Slider_Eingang_575-500x195.jpg 500w\" sizes=\"auto, (max-width: 525px) 100vw, 525px\" \/><\/p>\n<p>Das <a href=\"http:\/\/www.hotel-park-soltau.de\/\" target=\"_blank\" rel=\"noopener noreferrer\">Hotel Park Soltau<\/a>\u00a0liegt auf einem gro\u00dfz\u00fcgigen Parkgel\u00e4nde und befindet sich in Niedersachsen am Rande der Stadt Soltau im \u201eHerzen der L\u00fcneburger Heide\u201c.<\/p>\n<p>Das flexible Tagungs- und Urlaubshotel ist bekannt f\u00fcr eine sehr pers\u00f6nliche Atmosph\u00e4re und individuellen Service. Wir konnten uns bereits pers\u00f6nlich vor Ort davon \u00fcberzeugen lassen.<\/p>\n<p>Die Lage, die Ausstattung, der Service und die Einteilung der Zimmer machen das Hotel f\u00fcr uns zum idealen Partner f\u00fcr das <strong>erste WordCamp Retreat<\/strong>.<\/p>\n<p>Das Hotel Park Soltau bietet uns unbegrenzte M\u00f6glichkeiten um dieses neue WordCamp f\u00fcr Dich und alle anderen Teilnehmer zu einem einzigartigen und besonderen Erlebnis zu machen.<\/p>\n<hr \/>\n<h4>Das Hotel und seine M\u00f6glichkeiten<\/h4>\n<ul>\n<li>162 Einzelzimmer<\/li>\n<li>30 Doppelzimmer<\/li>\n<li>17 Tagungsr\u00e4ume mit Terrassen und direktem Parkzugang<\/li>\n<li>13 Gruppenr\u00e4ume<\/li>\n<li>Zahlreiche Foyers mit Kaffeebar und Snacks<\/li>\n<li>Restaurant mit Indoor- und Outdoorbereich<\/li>\n<li>Bar<\/li>\n<li>2 Doppel-Kegelbahnen<\/li>\n<li>2 Billard-Tische<\/li>\n<li>Kicker<\/li>\n<li>Darts<\/li>\n<li>Sauna- und Entspannungsbereich<\/li>\n<li>Pool mit Gegenstromanlage<\/li>\n<li>Fitnessbereich<\/li>\n<li>Leihfahrr\u00e4der<\/li>\n<\/ul>\n<hr \/>\n<p><strong><img loading=\"lazy\" decoding=\"async\" class=\"alignnone wp-image-301 size-full\" src=\"https:\/\/2018-soltau.retreat.wordcamp.org\/files\/2017\/06\/z11_453.jpg\" alt=\"\" width=\"1000\" height=\"667\" srcset=\"https:\/\/retreat.wordcamp.org\/2018-soltau\/files\/2017\/06\/z11_453.jpg 1000w, https:\/\/retreat.wordcamp.org\/2018-soltau\/files\/2017\/06\/z11_453-300x200.jpg 300w, https:\/\/retreat.wordcamp.org\/2018-soltau\/files\/2017\/06\/z11_453-768x512.jpg 768w, https:\/\/retreat.wordcamp.org\/2018-soltau\/files\/2017\/06\/z11_453-450x300.jpg 450w\" sizes=\"auto, (max-width: 706px) 89vw, (max-width: 767px) 82vw, 740px\" \/><\/strong><\/p>\n<p><em>Alle Zimmer sind ausgestattet mit\u00a0TV \/ LCD-Monitor 16:9 Format, High Speed Internet und Selbstwahltelefon, Kaffee- und Teezubereitungsm\u00f6glichkeit, Fernseh- und Radioempfang in mehreren Sprachen, Dusche\/WC, Haartrockner.<\/em><\/p>\n<hr \/>\n<p><strong><img loading=\"lazy\" decoding=\"async\" class=\"alignnone wp-image-298 size-full\" src=\"https:\/\/2018-soltau.retreat.wordcamp.org\/files\/2017\/06\/s2_529.png\" alt=\"\" width=\"1000\" height=\"665\" srcset=\"https:\/\/retreat.wordcamp.org\/2018-soltau\/files\/2017\/06\/s2_529.png 1000w, https:\/\/retreat.wordcamp.org\/2018-soltau\/files\/2017\/06\/s2_529-300x200.png 300w, https:\/\/retreat.wordcamp.org\/2018-soltau\/files\/2017\/06\/s2_529-768x511.png 768w, https:\/\/retreat.wordcamp.org\/2018-soltau\/files\/2017\/06\/s2_529-451x300.png 451w\" sizes=\"auto, (max-width: 706px) 89vw, (max-width: 767px) 82vw, 740px\" \/><\/strong><\/p>\n<p><em>Alle Tagungsr\u00e4ume, Gruppenr\u00e4ume und Hotelzimmer verf\u00fcgen \u00fcber eine Verkabelung, diese erm\u00f6glicht einen schnellen Datenfluss. Ferner verf\u00fcgen alle Tagungsr\u00e4ume\/ Hotelzimmer \u00fcber VDSL Internet mit 100 MBit\/s,\u00a0WLAN (8 MBit\/s pro Person).<\/em><\/p>\n<hr \/>\n<p><strong><img loading=\"lazy\" decoding=\"async\" class=\"alignnone wp-image-289 size-full\" src=\"https:\/\/2018-soltau.retreat.wordcamp.org\/files\/2017\/06\/a3_442.jpg\" alt=\"\" width=\"1000\" height=\"750\" srcset=\"https:\/\/retreat.wordcamp.org\/2018-soltau\/files\/2017\/06\/a3_442.jpg 1000w, https:\/\/retreat.wordcamp.org\/2018-soltau\/files\/2017\/06\/a3_442-300x225.jpg 300w, https:\/\/retreat.wordcamp.org\/2018-soltau\/files\/2017\/06\/a3_442-768x576.jpg 768w, https:\/\/retreat.wordcamp.org\/2018-soltau\/files\/2017\/06\/a3_442-400x300.jpg 400w\" sizes=\"auto, (max-width: 706px) 89vw, (max-width: 767px) 82vw, 740px\" \/><\/strong><\/p>\n<p><em><strong>Freizeitgestaltung:<\/strong>\u00a0Neben den hoteleigenen Annehmlichkeiten sind in direkter Umgebung der Freizeitgestaltung keine Grenzen gesetzt. Ob entspanntes Wandern in der <strong>Natur oder Action<\/strong> im <a href=\"https:\/\/www.heide-park.de\/\" target=\"_blank\" rel=\"noopener\">Heide-Park<\/a>, f\u00fcr jeden ist garantiert das Richtige dabei.<\/em><\/p>\n","protected":false},"excerpt":{"rendered":"<p>WordCamp, Events, Freizeitgestaltung, Verpflegung und \u00dcbernachtung \u2013\u00a0Mit Deinem Ticket buchst Du die \u00dcbernachtungen im Zimmer Deiner Wahl gleich mit und brauchst Dich um nichts mehr zu k\u00fcmmern.\u00a0Dein Zimmer bezahlst Du dann direkt vor Ort. Die komplette Verpflegung \u00fcber 3 Tage ist im Ticket-Preis inklusive! Das Hotel steht uns f\u00fcr den Zeitraum vom 4. bis 6. &hellip; <\/p>\n<p class=\"link-more\"><a href=\"https:\/\/retreat.wordcamp.org\/2018-soltau\/location\/\" class=\"more-link\"><span class=\"screen-reader-text\">\u201eALLE ZUSAMMEN AN EINEM ORT\u201c<\/span> weiterlesen<\/a><\/p>\n","protected":false},"author":5765273,"featured_media":730,"parent":0,"menu_order":0,"comment_status":"closed","ping_status":"closed","template":"","meta":{"jetpack_post_was_ever_published":false,"footnotes":""},"class_list":["post-11","page","type-page","status-publish","has-post-thumbnail","hentry"],"jetpack_sharing_enabled":true,"jetpack_shortlink":"https:\/\/wp.me\/P8IlmE-b","_links":{"self":[{"href":"https:\/\/retreat.wordcamp.org\/2018-soltau\/wp-json\/wp\/v2\/pages\/11","targetHints":{"allow":["GET"]}}],"collection":[{"href":"https:\/\/retreat.wordcamp.org\/2018-soltau\/wp-json\/wp\/v2\/pages"}],"about":[{"href":"https:\/\/retreat.wordcamp.org\/2018-soltau\/wp-json\/wp\/v2\/types\/page"}],"author":[{"embeddable":true,"href":"https:\/\/retreat.wordcamp.org\/2018-soltau\/wp-json\/wp\/v2\/users\/5765273"}],"replies":[{"embeddable":true,"href":"https:\/\/retreat.wordcamp.org\/2018-soltau\/wp-json\/wp\/v2\/comments?post=11"}],"version-history":[{"count":33,"href":"https:\/\/retreat.wordcamp.org\/2018-soltau\/wp-json\/wp\/v2\/pages\/11\/revisions"}],"predecessor-version":[{"id":1074,"href":"https:\/\/retreat.wordcamp.org\/2018-soltau\/wp-json\/wp\/v2\/pages\/11\/revisions\/1074"}],"wp:featuredmedia":[{"embeddable":true,"href":"https:\/\/retreat.wordcamp.org\/2018-soltau\/wp-json\/wp\/v2\/media\/730"}],"wp:attachment":[{"href":"https:\/\/retreat.wordcamp.org\/2018-soltau\/wp-json\/wp\/v2\/media?parent=11"}],"curies":[{"name":"wp","href":"https:\/\/api.w.org\/{rel}","templated":true}]}}